{"id":5033,"date":"2020-07-06T23:39:03","date_gmt":"2020-07-07T03:39:03","guid":{"rendered":"https:\/\/amjus.wpenginepowered.com\/resources-fr\/packing-tips\/"},"modified":"2020-12-04T09:28:21","modified_gmt":"2020-12-04T14:28:21","slug":"packing-tips","status":"publish","type":"page","link":"https:\/\/amjcampbellusa.com\/fr\/resources-fr\/packing-tips\/","title":{"rendered":"Packing Tips"},"content":{"rendered":"<section class=\"hide-for-large section long-text-hero long-text-hero--default long-text-hero--num-false\">\n  <div class=\"row\">\n    <div class=\"column\">\n                        <h1>Simplifier l\u2019emballage<\/h1>\n                  <\/div>\n  <\/div>\n<\/section>\n<section class=\"section long-text-hero long-text-hero--default long-text-hero--num-false default\">\n  <div class=\"row\">\n    <div class=\"column\">\n      <div class=\"long-text-hero__inner\">\n        <div class=\"long-text-hero__left\">\n                                    <h1 class=\"show-for-large\">Simplifier l\u2019emballage<\/h1>\n                                            <div class=\"long-text-hero__left__intro\"><p>Nous menons tous une vie bien remplie. Un d\u00e9m\u00e9nagement n\u2019est pas une mince affaire et l\u2019emballage est la plus grande partie de ce processus. Fort heureusement, nous avons pour vous quelques trucs et conseils pour simplifier et rendre plus efficace la pr\u00e9paration de votre maison ou de votre bureau en vue du d\u00e9m\u00e9nagement.<\/p>\n<p>Avec plus d\u2019un million de d\u00e9m\u00e9nagements \u00e0 notre actif, nous connaissons les ficelles du m\u00e9tier. Alors, n\u2019attendez pas que la date du d\u00e9m\u00e9nagement soit proche pour commencer \u00e0 utiliser le guide d\u2019AMJ afin de devenir un pro de l\u2019emballage.<\/p>\n<\/div>\n                                <br><br>\n            <a class=\"amj-btn amj-btn--pill\"  href=\"\/fr\/resources\/moving-checklist\">Obtenir la liste de contr\u00f4le d\u2019AMJ <\/a>\r\n  \r\n                            <\/div>\n        <div class=\"long-text-hero__right \">\n                      <div class=\"long-text-hero__image shadow\">\n              <img decoding=\"async\" data-src=\"https:\/\/amjcampbellusa.com\/wp-content\/uploads\/2020\/09\/AMJ_Office_Crop_1.jpg\" alt=\"\" aria-role=\"presentation\" role=\"presentation\" src=\"data:image\/gif;base64,R0lGODlhAQABAAAAACH5BAEKAAEALAAAAAABAAEAAAICTAEAOw==\" class=\"lazyload\" style=\"--smush-placeholder-width: 1396px; --smush-placeholder-aspect-ratio: 1396\/1240;\"><noscript><img decoding=\"async\" src=\"https:\/\/amjcampbellusa.com\/wp-content\/uploads\/2020\/09\/AMJ_Office_Crop_1.jpg\" alt=\"\" aria-role=\"presentation\" role=\"presentation\"><\/noscript>\n            <\/div>\n                                      <\/div>\n      <\/div>\n    <\/div>\n  <\/div>\n<\/section>\n\n\n<section class=\"section fancy-list fancy-list--right-multi fancy-list--num-true\">\n  <div class=\"row\">\n    <div class=\"column\">\n              <div class=\"fancy-list__intro text-center\" data-equalizer-watch>\n                      <h2>Comment devenir un pro de l\u2019emballage<\/h2>\n                                      <\/div>\n            <div class=\"fancy-list__inner\" data-equalizer data-equalize-on=\"medium\" data-equalize-on-stack=\"true\">\n        <div class=\"fancy-list__left\">\n                                                              <div class=\"fancy-list__image-list\">\n                              <img  data-src=\"https:\/\/amjcampbellusa.com\/wp-content\/uploads\/2020\/09\/AMJ_BoxingTip_Crop_1.jpg\" data-srcset=\"https:\/\/amjcampbellusa.com\/wp-content\/uploads\/2020\/09\/AMJ_BoxingTip_Crop_1.jpg 1x\" alt=\"\" class=\"lazy\" loading=\"lazy\">\n                              <img  data-src=\"https:\/\/amjcampbellusa.com\/wp-content\/uploads\/2020\/09\/AMJ_BoxingTip_Crop_2.jpg\" data-srcset=\"https:\/\/amjcampbellusa.com\/wp-content\/uploads\/2020\/09\/AMJ_BoxingTip_Crop_2.jpg 1x\" alt=\"\" class=\"lazy\" loading=\"lazy\">\n                              <img  data-src=\"https:\/\/amjcampbellusa.com\/wp-content\/uploads\/2020\/09\/AMJ_BoxingTip_Crop_3.jpg\" data-srcset=\"https:\/\/amjcampbellusa.com\/wp-content\/uploads\/2020\/09\/AMJ_BoxingTip_Crop_3.jpg 1x\" alt=\"\" class=\"lazy\" loading=\"lazy\">\n                              <img  data-src=\"https:\/\/amjcampbellusa.com\/wp-content\/uploads\/2020\/09\/AMJ_BoxingTip_Crop_4.jpg\" data-srcset=\"https:\/\/amjcampbellusa.com\/wp-content\/uploads\/2020\/09\/AMJ_BoxingTip_Crop_4.jpg 1x\" alt=\"\" class=\"lazy\" loading=\"lazy\">\n                          <\/div>\n                  <\/div>\n        <div class=\"fancy-list__right\">\n                                <div data-equalizer-watch class=\"hide-for-medium\"><\/div>\n                                <div class=\"fancy-list__list\">\n                                                <div class=\"fancy-list__midImage\">\n                    <img  data-src=\"https:\/\/amjcampbellusa.com\/wp-content\/uploads\/2020\/09\/AMJ_BoxingTip_Crop_1.jpg\" data-srcset=\"https:\/\/amjcampbellusa.com\/wp-content\/uploads\/2020\/09\/AMJ_BoxingTip_Crop_1.jpg 1x\" alt=\"\" class=\"lazy\" loading=\"lazy\">\n                  <\/div>\n                                <div class=\"fancy-list__item\">\n                  <div class=\"fancy-list__item__num\">\n                    <span class=\"like-h4\">1<\/span>\n                    <div class=\"amj-line\"><\/div>\n                  <\/div>\n                  <div class=\"fancy-list__item__content\">\n                                          <h3 class=\"like-h4\">Faites une s\u00e9lection<\/h3>\n                                                              <p>Tout d&rsquo;abord, faites une s\u00e9lection de ce que vous aimeriez emballer et ce qui peut \u00eatre recycler ou encore donn\u00e9 \u00e0 un organisme de charit\u00e9, Vous aurez ainsi moins de bo\u00eetes \u00e0 d\u00e9m\u00e9nager.<\/p>\n\n                                      <\/div>\n                <\/div>\n                                                <div class=\"fancy-list__midImage\">\n                    <img  data-src=\"https:\/\/amjcampbellusa.com\/wp-content\/uploads\/2020\/09\/AMJ_BoxingTip_Crop_2.jpg\" data-srcset=\"https:\/\/amjcampbellusa.com\/wp-content\/uploads\/2020\/09\/AMJ_BoxingTip_Crop_2.jpg 1x\" alt=\"\" class=\"lazy\" loading=\"lazy\">\n                  <\/div>\n                                <div class=\"fancy-list__item\">\n                  <div class=\"fancy-list__item__num\">\n                    <span class=\"like-h4\">2<\/span>\n                    <div class=\"amj-line\"><\/div>\n                  <\/div>\n                  <div class=\"fancy-list__item__content\">\n                                          <h3 class=\"like-h4\">Soyez avant tout organis\u00e9.<\/h3>\n                                                              <p>C\u2019est merveilleux de voir ce qu\u2019on peut accomplir avec un horaire et un plan de base. En \u00e9crivant tout simplement ce que vous souhaitez accomplir et la date \u00e0 laquelle vous voulez que ce soit fait, vous pouvez organiser votre espace pour que vous n\u2019ayez pas \u00e0 tout faire \u00e0 la h\u00e2te plus tard.<\/p>\n\n                                      <\/div>\n                <\/div>\n                                                <div class=\"fancy-list__midImage\">\n                    <img  data-src=\"https:\/\/amjcampbellusa.com\/wp-content\/uploads\/2020\/09\/AMJ_BoxingTip_Crop_3.jpg\" data-srcset=\"https:\/\/amjcampbellusa.com\/wp-content\/uploads\/2020\/09\/AMJ_BoxingTip_Crop_3.jpg 1x\" alt=\"\" class=\"lazy\" loading=\"lazy\">\n                  <\/div>\n                                <div class=\"fancy-list__item\">\n                  <div class=\"fancy-list__item__num\">\n                    <span class=\"like-h4\">3<\/span>\n                    <div class=\"amj-line\"><\/div>\n                  <\/div>\n                  <div class=\"fancy-list__item__content\">\n                                          <h3 class=\"like-h4\">Utilisez les bons outils pour l\u2019emballage.<\/h3>\n                                                              <p>De simples fournitures vous faciliteront la vie. Des bo\u00eetes de la bonne taille et de bonne qualit\u00e9. Un d\u00e9vidoir \u00e0 ruban adh\u00e9sif. Du papier bulle. Quelques bons marqueurs. Tout ceci constitue de petits investissements tr\u00e8s rentables.<\/p>\n\n                                      <\/div>\n                <\/div>\n                                                <div class=\"fancy-list__midImage\">\n                    <img  data-src=\"https:\/\/amjcampbellusa.com\/wp-content\/uploads\/2020\/09\/AMJ_BoxingTip_Crop_4.jpg\" data-srcset=\"https:\/\/amjcampbellusa.com\/wp-content\/uploads\/2020\/09\/AMJ_BoxingTip_Crop_4.jpg 1x\" alt=\"\" class=\"lazy\" loading=\"lazy\">\n                  <\/div>\n                                <div class=\"fancy-list__item\">\n                  <div class=\"fancy-list__item__num\">\n                    <span class=\"like-h4\">4<\/span>\n                    <div class=\"amj-line\"><\/div>\n                  <\/div>\n                  <div class=\"fancy-list__item__content\">\n                                          <h3 class=\"like-h4\">Nettoyez-le avant de l\u2019envoyer.<\/h3>\n                                                              <p>Nettoyez et \u00e9poussetez vos effets avant de les mettre dans des bo\u00eetes afin de faciliter le d\u00e9ballage. Apr\u00e8s tout, les essuyer vous permettra de vous installer plus rapidement!<\/p>\n\n                                      <\/div>\n                <\/div>\n                                              <div class=\"fancy-list__item\">\n                  <div class=\"fancy-list__item__num\">\n                    <span class=\"like-h4\">5<\/span>\n                    <div class=\"amj-line\"><\/div>\n                  <\/div>\n                  <div class=\"fancy-list__item__content\">\n                                          <h3 class=\"like-h4\">Faites des cat\u00e9gories logiques.<\/h3>\n                                                              <p>En r\u00e9partissant vos effets en fonction de la pi\u00e8ce o\u00f9 vous les placerez, vous gagnerez du temps en amont comme en aval du processus de d\u00e9m\u00e9nagement. Cela contribuera aussi \u00e0 diminuer les \u00e9tapes pour vous <em>et aussi<\/em> pour nous!<\/p>\n\n                                      <\/div>\n                <\/div>\n                                              <div class=\"fancy-list__item\">\n                  <div class=\"fancy-list__item__num\">\n                    <span class=\"like-h4\">6<\/span>\n                    <div class=\"amj-line\"><\/div>\n                  <\/div>\n                  <div class=\"fancy-list__item__content\">\n                                          <h3 class=\"like-h4\">\u00c9tiquetez, \u00e9tiquetez, \u00e9tiquetez<\/h3>\n                                                              <p>La gestion des bo\u00eetes non identifi\u00e9es est un cauchemar lorsqu\u2019on veut savoir o\u00f9 placer quelque chose, ou lorsque vous en avez besoin tout de suite. Il suffit d\u2019\u00e9tiqueter vos bo\u00eetes. (Et non, la mention \u00ab\u2009Divers\u2009\u00bb ne vous aidera pas.)<\/p>\n\n                                      <\/div>\n                <\/div>\n                                              <div class=\"fancy-list__item\">\n                  <div class=\"fancy-list__item__num\">\n                    <span class=\"like-h4\">7<\/span>\n                    <div class=\"amj-line\"><\/div>\n                  <\/div>\n                  <div class=\"fancy-list__item__content\">\n                                          <h3 class=\"like-h4\">Consacrez du temps \u00e0 vos objets fragiles  <\/h3>\n                                                              <p>Emballer vos objets fragiles au dernier moment est une mauvaise id\u00e9e. Ils ont besoin d\u2019un peu plus d\u2019amour et de papier bulle. Alors, laissez-vous suffisamment de temps pour rendre vos objets cassables incassables.<\/p>\n\n                                      <\/div>\n                <\/div>\n                                              <div class=\"fancy-list__item\">\n                  <div class=\"fancy-list__item__num\">\n                    <span class=\"like-h4\">8<\/span>\n                    <div class=\"amj-line\"><\/div>\n                  <\/div>\n                  <div class=\"fancy-list__item__content\">\n                                          <h3 class=\"like-h4\">En cas de doute, appelez-nous<\/h3>\n                                                              <p>Si vous vous sentez submerg\u00e9 \u00e0 la perspective d\u2019emballer vos effets en pr\u00e9vision de votre d\u00e9m\u00e9nagement ou si vous n\u2019avez pas vraiment le temps de le faire, envisagez de faire appel aux services d\u2019emballage d\u2019AMJ Campbell. Nous emballerons vos effets en un temps record.<\/p>\n\n                                      <\/div>\n                <\/div>\n                          <\/div>\n                            <\/div>\n      <\/div>\n    <\/div>\n  <\/div>\n<\/section>\n\n\n\n\n<section class=\"section footer-cta  footer-cta--box \">\n        <div class=\"row\">\n      <div class=\"column\">\n        <div class=\"footer-cta__box footer-cta__box--two footer-cta__box--or \">\n          <div class=\"footer-cta__cta\">\n                                      <h2 class=\"like-h4\">Parlez-nous de votre d\u00e9m\u00e9nagement.<br \/>\r\n1 888 AMJ MOVE (265-6683)<\/h2>\n                                                                        <\/div>\n                                    <div class=\"footer-cta__or\">\n                <span class=\"like-h5\">or<\/span>\n              <\/div>\n              <div class=\"footer-cta__icon\">\n                <img decoding=\"async\" data-src=\"https:\/\/amjcampbellusa.com\/wp-content\/themes\/amj-2020\/dist\/images\/hand-truck--blue_976be37c.svg\" alt=\"\" src=\"data:image\/gif;base64,R0lGODlhAQABAAAAACH5BAEKAAEALAAAAAABAAEAAAICTAEAOw==\" class=\"lazyload\"><noscript><img decoding=\"async\" src=\"https:\/\/amjcampbellusa.com\/wp-content\/themes\/amj-2020\/dist\/images\/hand-truck--blue_976be37c.svg\" alt=\"\"><\/noscript>\n              <\/div>\n                        <div class=\"footer-cta__cta\">\n                                            <h2 class=\"like-h4\">Surveillez votre budget.<br \/>\r\nVoici une estimation gratuite!<\/h2>\n                                                          <a class=\"amj-btn amj-btn--arrow\"  href=\"\/fr\/get-a-quote\">Obtenir un <span class=\"link-end\">devis <i class=\"fas fa-arrow-right\"><\/i><\/span><\/a>\r\n  \r\n                          <\/div>\n                  <\/div>\n      <\/div>\n    <\/div>\n  <\/section>\n","protected":false},"excerpt":{"rendered":"","protected":false},"author":1,"featured_media":0,"parent":3975,"menu_order":0,"comment_status":"closed","ping_status":"closed","template":"","meta":{"_acf_changed":false,"footnotes":""},"class_list":["post-5033","page","type-page","status-publish","hentry"],"acf":[],"yoast_head":"<!-- This site is optimized with the Yoast SEO Premium plugin v22.5 (Yoast SEO v27.3) - https:\/\/yoast.com\/product\/yoast-seo-premium-wordpress\/ -->\n<title>Packing Tips | AMJ Campbell | Canada&#039;s Largest Mover<\/title>\n<meta name=\"description\" content=\"AMJ&#039;s Official Packing Tips and Moving Tips and Checklist \u00b7 Start Planning Early \u00b7 Pack Off Season Items \u00b7 Moving Box 101 \u00b7 Let Go!\" \/>\n<meta name=\"robots\" content=\"noindex, follow, max-snippet:-1, max-image-preview:large, max-video-preview:-1\" \/>\n<meta property=\"og:locale\" content=\"fr_FR\" \/>\n<meta property=\"og:type\" content=\"article\" \/>\n<meta property=\"og:title\" content=\"Packing Tips\" \/>\n<meta property=\"og:url\" content=\"https:\/\/amjcampbellusa.com\/fr\/resources-fr\/packing-tips\/\" \/>\n<meta property=\"og:site_name\" content=\"AMJ US\" \/>\n<meta property=\"article:publisher\" content=\"https:\/\/www.facebook.com\/AMJCampbellMoving\/\" \/>\n<meta property=\"article:modified_time\" content=\"2020-12-04T14:28:21+00:00\" \/>\n<meta name=\"twitter:card\" content=\"summary_large_image\" \/>\n<meta name=\"twitter:site\" content=\"@amjcampbell\" \/>\n<script type=\"application\/ld+json\" class=\"yoast-schema-graph\">{\"@context\":\"https:\\\/\\\/schema.org\",\"@graph\":[{\"@type\":\"WebPage\",\"@id\":\"https:\\\/\\\/amjcampbellusa.com\\\/fr\\\/resources-fr\\\/packing-tips\\\/\",\"url\":\"https:\\\/\\\/amjcampbellusa.com\\\/fr\\\/resources-fr\\\/packing-tips\\\/\",\"name\":\"Packing Tips | AMJ Campbell | Canada's Largest Mover\",\"isPartOf\":{\"@id\":\"https:\\\/\\\/amjcampbellusa.com\\\/fr\\\/#website\"},\"datePublished\":\"2020-07-07T03:39:03+00:00\",\"dateModified\":\"2020-12-04T14:28:21+00:00\",\"description\":\"AMJ's Official Packing Tips and Moving Tips and Checklist \u00b7 Start Planning Early \u00b7 Pack Off Season Items \u00b7 Moving Box 101 \u00b7 Let Go!\",\"breadcrumb\":{\"@id\":\"https:\\\/\\\/amjcampbellusa.com\\\/fr\\\/resources-fr\\\/packing-tips\\\/#breadcrumb\"},\"inLanguage\":\"fr-FR\",\"potentialAction\":[{\"@type\":\"ReadAction\",\"target\":[\"https:\\\/\\\/amjcampbellusa.com\\\/fr\\\/resources-fr\\\/packing-tips\\\/\"]}]},{\"@type\":\"BreadcrumbList\",\"@id\":\"https:\\\/\\\/amjcampbellusa.com\\\/fr\\\/resources-fr\\\/packing-tips\\\/#breadcrumb\",\"itemListElement\":[{\"@type\":\"ListItem\",\"position\":1,\"name\":\"Home\",\"item\":\"https:\\\/\\\/amjcampbellusa.com\\\/fr\\\/\"},{\"@type\":\"ListItem\",\"position\":2,\"name\":\"Resources\",\"item\":\"https:\\\/\\\/amjcampbellusa.com\\\/fr\\\/resources-fr\\\/\"},{\"@type\":\"ListItem\",\"position\":3,\"name\":\"Packing Tips\"}]},{\"@type\":\"WebSite\",\"@id\":\"https:\\\/\\\/amjcampbellusa.com\\\/fr\\\/#website\",\"url\":\"https:\\\/\\\/amjcampbellusa.com\\\/fr\\\/\",\"name\":\"AMJ CAMPBELL - CANADA'S LARGEST MOVER\",\"description\":\"Make Your Best Move\",\"publisher\":{\"@id\":\"https:\\\/\\\/amjcampbellusa.com\\\/fr\\\/#organization\"},\"potentialAction\":[{\"@type\":\"SearchAction\",\"target\":{\"@type\":\"EntryPoint\",\"urlTemplate\":\"https:\\\/\\\/amjcampbellusa.com\\\/fr\\\/?s={search_term_string}\"},\"query-input\":{\"@type\":\"PropertyValueSpecification\",\"valueRequired\":true,\"valueName\":\"search_term_string\"}}],\"inLanguage\":\"fr-FR\"},{\"@type\":\"Organization\",\"@id\":\"https:\\\/\\\/amjcampbellusa.com\\\/fr\\\/#organization\",\"name\":\"AMJ Campbell\",\"url\":\"https:\\\/\\\/amjcampbellusa.com\\\/fr\\\/\",\"logo\":{\"@type\":\"ImageObject\",\"inLanguage\":\"fr-FR\",\"@id\":\"https:\\\/\\\/amjcampbellusa.com\\\/fr\\\/#\\\/schema\\\/logo\\\/image\\\/\",\"url\":\"https:\\\/\\\/amjcampbellusa.com\\\/wp-content\\\/uploads\\\/2020\\\/09\\\/LOGO_NEW_EN.svg\",\"contentUrl\":\"https:\\\/\\\/amjcampbellusa.com\\\/wp-content\\\/uploads\\\/2020\\\/09\\\/LOGO_NEW_EN.svg\",\"width\":1,\"height\":1,\"caption\":\"AMJ Campbell\"},\"image\":{\"@id\":\"https:\\\/\\\/amjcampbellusa.com\\\/fr\\\/#\\\/schema\\\/logo\\\/image\\\/\"},\"sameAs\":[\"https:\\\/\\\/www.facebook.com\\\/AMJCampbellMoving\\\/\",\"https:\\\/\\\/x.com\\\/amjcampbell\",\"https:\\\/\\\/www.instagram.com\\\/amjcampbell\\\/\",\"https:\\\/\\\/www.linkedin.com\\\/company\\\/amjcampbell\\\/\",\"https:\\\/\\\/www.youtube.com\\\/c\\\/AmjtorontomovingOnt\\\/\"]}]}<\/script>\n<!-- \/ Yoast SEO Premium plugin. -->","yoast_head_json":{"title":"Packing Tips | AMJ Campbell | Canada's Largest Mover","description":"AMJ's Official Packing Tips and Moving Tips and Checklist \u00b7 Start Planning Early \u00b7 Pack Off Season Items \u00b7 Moving Box 101 \u00b7 Let Go!","robots":{"index":"noindex","follow":"follow","max-snippet":"max-snippet:-1","max-image-preview":"max-image-preview:large","max-video-preview":"max-video-preview:-1"},"og_locale":"fr_FR","og_type":"article","og_title":"Packing Tips","og_url":"https:\/\/amjcampbellusa.com\/fr\/resources-fr\/packing-tips\/","og_site_name":"AMJ US","article_publisher":"https:\/\/www.facebook.com\/AMJCampbellMoving\/","article_modified_time":"2020-12-04T14:28:21+00:00","twitter_card":"summary_large_image","twitter_site":"@amjcampbell","schema":{"@context":"https:\/\/schema.org","@graph":[{"@type":"WebPage","@id":"https:\/\/amjcampbellusa.com\/fr\/resources-fr\/packing-tips\/","url":"https:\/\/amjcampbellusa.com\/fr\/resources-fr\/packing-tips\/","name":"Packing Tips | AMJ Campbell | Canada's Largest Mover","isPartOf":{"@id":"https:\/\/amjcampbellusa.com\/fr\/#website"},"datePublished":"2020-07-07T03:39:03+00:00","dateModified":"2020-12-04T14:28:21+00:00","description":"AMJ's Official Packing Tips and Moving Tips and Checklist \u00b7 Start Planning Early \u00b7 Pack Off Season Items \u00b7 Moving Box 101 \u00b7 Let Go!","breadcrumb":{"@id":"https:\/\/amjcampbellusa.com\/fr\/resources-fr\/packing-tips\/#breadcrumb"},"inLanguage":"fr-FR","potentialAction":[{"@type":"ReadAction","target":["https:\/\/amjcampbellusa.com\/fr\/resources-fr\/packing-tips\/"]}]},{"@type":"BreadcrumbList","@id":"https:\/\/amjcampbellusa.com\/fr\/resources-fr\/packing-tips\/#breadcrumb","itemListElement":[{"@type":"ListItem","position":1,"name":"Home","item":"https:\/\/amjcampbellusa.com\/fr\/"},{"@type":"ListItem","position":2,"name":"Resources","item":"https:\/\/amjcampbellusa.com\/fr\/resources-fr\/"},{"@type":"ListItem","position":3,"name":"Packing Tips"}]},{"@type":"WebSite","@id":"https:\/\/amjcampbellusa.com\/fr\/#website","url":"https:\/\/amjcampbellusa.com\/fr\/","name":"AMJ CAMPBELL - CANADA'S LARGEST MOVER","description":"Make Your Best Move","publisher":{"@id":"https:\/\/amjcampbellusa.com\/fr\/#organization"},"potentialAction":[{"@type":"SearchAction","target":{"@type":"EntryPoint","urlTemplate":"https:\/\/amjcampbellusa.com\/fr\/?s={search_term_string}"},"query-input":{"@type":"PropertyValueSpecification","valueRequired":true,"valueName":"search_term_string"}}],"inLanguage":"fr-FR"},{"@type":"Organization","@id":"https:\/\/amjcampbellusa.com\/fr\/#organization","name":"AMJ Campbell","url":"https:\/\/amjcampbellusa.com\/fr\/","logo":{"@type":"ImageObject","inLanguage":"fr-FR","@id":"https:\/\/amjcampbellusa.com\/fr\/#\/schema\/logo\/image\/","url":"https:\/\/amjcampbellusa.com\/wp-content\/uploads\/2020\/09\/LOGO_NEW_EN.svg","contentUrl":"https:\/\/amjcampbellusa.com\/wp-content\/uploads\/2020\/09\/LOGO_NEW_EN.svg","width":1,"height":1,"caption":"AMJ Campbell"},"image":{"@id":"https:\/\/amjcampbellusa.com\/fr\/#\/schema\/logo\/image\/"},"sameAs":["https:\/\/www.facebook.com\/AMJCampbellMoving\/","https:\/\/x.com\/amjcampbell","https:\/\/www.instagram.com\/amjcampbell\/","https:\/\/www.linkedin.com\/company\/amjcampbell\/","https:\/\/www.youtube.com\/c\/AmjtorontomovingOnt\/"]}]}},"_links":{"self":[{"href":"https:\/\/amjcampbellusa.com\/fr\/wp-json\/wp\/v2\/pages\/5033","targetHints":{"allow":["GET"]}}],"collection":[{"href":"https:\/\/amjcampbellusa.com\/fr\/wp-json\/wp\/v2\/pages"}],"about":[{"href":"https:\/\/amjcampbellusa.com\/fr\/wp-json\/wp\/v2\/types\/page"}],"author":[{"embeddable":true,"href":"https:\/\/amjcampbellusa.com\/fr\/wp-json\/wp\/v2\/users\/1"}],"replies":[{"embeddable":true,"href":"https:\/\/amjcampbellusa.com\/fr\/wp-json\/wp\/v2\/comments?post=5033"}],"version-history":[{"count":0,"href":"https:\/\/amjcampbellusa.com\/fr\/wp-json\/wp\/v2\/pages\/5033\/revisions"}],"up":[{"embeddable":true,"href":"https:\/\/amjcampbellusa.com\/fr\/wp-json\/wp\/v2\/pages\/3975"}],"wp:attachment":[{"href":"https:\/\/amjcampbellusa.com\/fr\/wp-json\/wp\/v2\/media?parent=5033"}],"curies":[{"name":"wp","href":"https:\/\/api.w.org\/{rel}","templated":true}]}}