{"id":5023,"date":"2020-09-24T23:22:11","date_gmt":"2020-09-25T03:22:11","guid":{"rendered":"https:\/\/amjus.wpenginepowered.com\/?page_id=5023"},"modified":"2021-04-11T20:06:42","modified_gmt":"2021-04-12T00:06:42","slug":"moving-tips","status":"publish","type":"page","link":"https:\/\/amjcampbellusa.com\/fr\/resources-fr\/moving-tips\/","title":{"rendered":"Moving Tips"},"content":{"rendered":"<section class=\"hide-for-large section long-text-hero long-text-hero--default long-text-hero--num-false\">\n  <div class=\"row\">\n    <div class=\"column\">\n                        <h1>Simplifiez votre d\u00e9m\u00e9nagement<\/h1>\n                  <\/div>\n  <\/div>\n<\/section>\n<section class=\"section long-text-hero long-text-hero--default long-text-hero--num-false default\">\n  <div class=\"row\">\n    <div class=\"column\">\n      <div class=\"long-text-hero__inner\">\n        <div class=\"long-text-hero__left\">\n                                    <h1 class=\"show-for-large\">Simplifiez votre d\u00e9m\u00e9nagement<\/h1>\n                                            <div class=\"long-text-hero__left__intro\"><p>Un d\u00e9m\u00e9nagement, c\u2019est une \u00e9tape importante. Heureusement, important ne veut pas n\u00e9cessairement dire compliqu\u00e9 ou stressant! Quand on a la bonne approche (et les bons d\u00e9m\u00e9nageurs), c\u2019est possible de le faire facilement et dans la bonne humeur. Le secret? Y aller \u00e9tape par \u00e9tape.<\/p>\n<\/div>\n                                <br><br>\n            <a class=\"amj-btn amj-btn--pill\"  href=\"\/fr\/resources\/moving-checklist\">Obtenir la liste de contr\u00f4le d\u2019AMJ <\/a>\r\n  \r\n                            <\/div>\n        <div class=\"long-text-hero__right \">\n                      <div class=\"long-text-hero__image shadow\">\n              <img decoding=\"async\" data-src=\"https:\/\/amjcampbellusa.com\/wp-content\/uploads\/2020\/09\/AMJ_Step_2@2x.jpg\" alt=\"Packing for Home Moving \" aria-role=\"presentation\" role=\"presentation\" src=\"data:image\/gif;base64,R0lGODlhAQABAAAAACH5BAEKAAEALAAAAAABAAEAAAICTAEAOw==\" class=\"lazyload\" style=\"--smush-placeholder-width: 1224px; --smush-placeholder-aspect-ratio: 1224\/1580;\"><noscript><img decoding=\"async\" src=\"https:\/\/amjcampbellusa.com\/wp-content\/uploads\/2020\/09\/AMJ_Step_2@2x.jpg\" alt=\"Packing for Home Moving \" aria-role=\"presentation\" role=\"presentation\"><\/noscript>\n            <\/div>\n                                      <\/div>\n      <\/div>\n    <\/div>\n  <\/div>\n<\/section>\n\n\n<section class=\"section fancy-list fancy-list--right-multi fancy-list--num-true\">\n  <div class=\"row\">\n    <div class=\"column\">\n              <div class=\"fancy-list__intro text-center\" data-equalizer-watch>\n                      <h2>Pour un d\u00e9m\u00e9nagement pas compliqu\u00e9<\/h2>\n                                      <\/div>\n            <div class=\"fancy-list__inner\" data-equalizer data-equalize-on=\"medium\" data-equalize-on-stack=\"true\">\n        <div class=\"fancy-list__left\">\n                                                              <div class=\"fancy-list__image-list\">\n                              <img  data-src=\"https:\/\/amjcampbellusa.com\/wp-content\/uploads\/2020\/09\/AMJ_MovingTips_Crop_1.jpg\" data-srcset=\"https:\/\/amjcampbellusa.com\/wp-content\/uploads\/2020\/09\/AMJ_MovingTips_Crop_1.jpg 1x\" alt=\"\" class=\"lazy\" loading=\"lazy\">\n                              <img  data-src=\"https:\/\/amjcampbellusa.com\/wp-content\/uploads\/2020\/09\/AMJ_MovingTips_Crop_2.jpg\" data-srcset=\"https:\/\/amjcampbellusa.com\/wp-content\/uploads\/2020\/09\/AMJ_MovingTips_Crop_2.jpg 1x\" alt=\"\" class=\"lazy\" loading=\"lazy\">\n                              <img  data-src=\"https:\/\/amjcampbellusa.com\/wp-content\/uploads\/2020\/09\/AMJ_MovingTips_Crop_3.jpg\" data-srcset=\"https:\/\/amjcampbellusa.com\/wp-content\/uploads\/2020\/09\/AMJ_MovingTips_Crop_3.jpg 1x\" alt=\"\" class=\"lazy\" loading=\"lazy\">\n                              <img  data-src=\"https:\/\/amjcampbellusa.com\/wp-content\/uploads\/2020\/09\/AMJ_MovingTips_Crop_4.jpg\" data-srcset=\"https:\/\/amjcampbellusa.com\/wp-content\/uploads\/2020\/09\/AMJ_MovingTips_Crop_4.jpg 1x\" alt=\"\" class=\"lazy\" loading=\"lazy\">\n                          <\/div>\n                  <\/div>\n        <div class=\"fancy-list__right\">\n                                <div data-equalizer-watch class=\"hide-for-medium\"><\/div>\n                                <div class=\"fancy-list__list\">\n                                                <div class=\"fancy-list__midImage\">\n                    <img  data-src=\"https:\/\/amjcampbellusa.com\/wp-content\/uploads\/2020\/09\/AMJ_MovingTips_Crop_1.jpg\" data-srcset=\"https:\/\/amjcampbellusa.com\/wp-content\/uploads\/2020\/09\/AMJ_MovingTips_Crop_1.jpg 1x\" alt=\"\" class=\"lazy\" loading=\"lazy\">\n                  <\/div>\n                                <div class=\"fancy-list__item\">\n                  <div class=\"fancy-list__item__num\">\n                    <span class=\"like-h4\">1<\/span>\n                    <div class=\"amj-line\"><\/div>\n                  <\/div>\n                  <div class=\"fancy-list__item__content\">\n                                          <h3 class=\"like-h4\">Acceptez d\u2019avoir besoin d\u2019un plan.<\/h3>\n                                                              <p>\u00c0 moins d\u2019avoir envie de faire les choses \u00e0 la h\u00e2te \u00e0 la derni\u00e8re minute, vous avez besoin d\u2019un plan de base pour d\u00e9m\u00e9nager dans votre nouvelle maison ou votre nouveau bureau. Acceptez ce fait tout de suite, cela vous permettra de gagner du temps et vous \u00e9vitera bien des maux de t\u00eate. La bonne nouvelle? C\u2019est facile \u00e0 faire!<\/p>\n\n                                      <\/div>\n                <\/div>\n                                                <div class=\"fancy-list__midImage\">\n                    <img  data-src=\"https:\/\/amjcampbellusa.com\/wp-content\/uploads\/2020\/09\/AMJ_MovingTips_Crop_2.jpg\" data-srcset=\"https:\/\/amjcampbellusa.com\/wp-content\/uploads\/2020\/09\/AMJ_MovingTips_Crop_2.jpg 1x\" alt=\"\" class=\"lazy\" loading=\"lazy\">\n                  <\/div>\n                                <div class=\"fancy-list__item\">\n                  <div class=\"fancy-list__item__num\">\n                    <span class=\"like-h4\">2<\/span>\n                    <div class=\"amj-line\"><\/div>\n                  <\/div>\n                  <div class=\"fancy-list__item__content\">\n                                          <h3 class=\"like-h4\">Faites un budget r\u00e9aliste.<\/h3>\n                                                              <p>Les d\u00e9penses s\u2019accumulent rapidement et vous risquez de vous retrouver avec une facture sal\u00e9e si vous n\u2019\u00eates pas bien pr\u00e9par\u00e9. Avant de commencer \u00e0 emballer votre pr\u00e9cieuse vaisselle, faites votre budget.<\/p>\n\n                                      <\/div>\n                <\/div>\n                                                <div class=\"fancy-list__midImage\">\n                    <img  data-src=\"https:\/\/amjcampbellusa.com\/wp-content\/uploads\/2020\/09\/AMJ_MovingTips_Crop_3.jpg\" data-srcset=\"https:\/\/amjcampbellusa.com\/wp-content\/uploads\/2020\/09\/AMJ_MovingTips_Crop_3.jpg 1x\" alt=\"\" class=\"lazy\" loading=\"lazy\">\n                  <\/div>\n                                <div class=\"fancy-list__item\">\n                  <div class=\"fancy-list__item__num\">\n                    <span class=\"like-h4\">3<\/span>\n                    <div class=\"amj-line\"><\/div>\n                  <\/div>\n                  <div class=\"fancy-list__item__content\">\n                                          <h3 class=\"like-h4\">Commencez le plus rapidement possible. <\/h3>\n                                                              <p>Le grand jour approche, le nombre de t\u00e2ches de ne semble pas diminuer et le sentiment d&rsquo;urgence augmente. D\u00e8s le jour un de la d\u00e9cision de votre d\u00e9m\u00e9nagement, entammez les d\u00e9marches.<\/p>\n\n                                      <\/div>\n                <\/div>\n                                                <div class=\"fancy-list__midImage\">\n                    <img  data-src=\"https:\/\/amjcampbellusa.com\/wp-content\/uploads\/2020\/09\/AMJ_MovingTips_Crop_4.jpg\" data-srcset=\"https:\/\/amjcampbellusa.com\/wp-content\/uploads\/2020\/09\/AMJ_MovingTips_Crop_4.jpg 1x\" alt=\"\" class=\"lazy\" loading=\"lazy\">\n                  <\/div>\n                                <div class=\"fancy-list__item\">\n                  <div class=\"fancy-list__item__num\">\n                    <span class=\"like-h4\">4<\/span>\n                    <div class=\"amj-line\"><\/div>\n                  <\/div>\n                  <div class=\"fancy-list__item__content\">\n                                          <h3 class=\"like-h4\">Prenez un moment pour \u00e9valuer  <\/h3>\n                                                              <p>Nous avons tendance \u00e0 sous-estimer la quantit\u00e9 d&rsquo;effets \u00e0 emballer. Prenez un moment pour \u00e9valuer et valider avant de faire vos bo\u00eetes. Pour \u00e9viter les mauvaises surprises, faites-vous un inventaire de ce que vous poss\u00e9dez et surtout, pour \u00e9viter le stress, ne faites pas les bo\u00eetes \u00e0 la derni\u00e8re minute. .<\/p>\n\n                                      <\/div>\n                <\/div>\n                                              <div class=\"fancy-list__item\">\n                  <div class=\"fancy-list__item__num\">\n                    <span class=\"like-h4\">5<\/span>\n                    <div class=\"amj-line\"><\/div>\n                  <\/div>\n                  <div class=\"fancy-list__item__content\">\n                                          <h3 class=\"like-h4\">L\u2019art de faire des bo\u00eetes.<\/h3>\n                                                              <p>Ce n\u2019est pas un secret, des bo\u00eetes bien faites vous \u00e9viteront beaucoup de probl\u00e8mes le jour J. Il y a plusieurs fa\u00e7ons de les faire. Fiez-vous aux conseils d\u2019AMJ, et pensez aux services de nos experts de l\u2019emballage!<\/p>\n\n                                      <\/div>\n                <\/div>\n                                              <div class=\"fancy-list__item\">\n                  <div class=\"fancy-list__item__num\">\n                    <span class=\"like-h4\">6<\/span>\n                    <div class=\"amj-line\"><\/div>\n                  <\/div>\n                  <div class=\"fancy-list__item__content\">\n                                          <h3 class=\"like-h4\">Soyez honn\u00eate avec vous-m\u00eame.<\/h3>\n                                                              <p>Soyez r\u00e9aliste et faites souvent le point sur votre budget et votre horaire. Vous avez besoin d\u2019aide? Demandez-en. Faire un petit bilan avec soi-m\u00eame au moins dix jours avant le d\u00e9m\u00e9nagement vous donnera suffisamment de temps pour vous ajuster.<\/p>\n\n                                      <\/div>\n                <\/div>\n                                              <div class=\"fancy-list__item\">\n                  <div class=\"fancy-list__item__num\">\n                    <span class=\"like-h4\">7<\/span>\n                    <div class=\"amj-line\"><\/div>\n                  <\/div>\n                  <div class=\"fancy-list__item__content\">\n                                          <h3 class=\"like-h4\">Prenez votre temps.<\/h3>\n                                                              <p>Allez-y et cochez les derni\u00e8res t\u00e2ches de la liste de contr\u00f4le d\u2019AMJ. Vous vous \u00eates pr\u00e9par\u00e9 \u00e0 l\u2019avance et vous savez bien ce qu\u2019il vous reste \u00e0 faire. D\u00e9m\u00e9nager l\u2019esprit tranquille, c\u2019est possible!<\/p>\n\n                                      <\/div>\n                <\/div>\n                                              <div class=\"fancy-list__item\">\n                  <div class=\"fancy-list__item__num\">\n                    <span class=\"like-h4\">8<\/span>\n                    <div class=\"amj-line\"><\/div>\n                  <\/div>\n                  <div class=\"fancy-list__item__content\">\n                                          <h3 class=\"like-h4\">Pr\u00e9parez-vous un sac.<\/h3>\n                                                              <p>Rassembler les essentiels dans un sac que vous garderez \u00e0 port\u00e9e de main vous \u00e9vitera beaucoup de soucis. C\u2019est tout simple, mais \u00e7a facilite grandement la vie. Personne n\u2019aime chercher sa brosse \u00e0 dents!<\/p>\n\n                                      <\/div>\n                <\/div>\n                          <\/div>\n                            <\/div>\n      <\/div>\n    <\/div>\n  <\/div>\n<\/section>\n\n\n\n\n<section class=\"section footer-cta  footer-cta--box \">\n        <div class=\"row\">\n      <div class=\"column\">\n        <div class=\"footer-cta__box footer-cta__box--two footer-cta__box--or \">\n          <div class=\"footer-cta__cta\">\n                                      <h2 class=\"like-h4\">Parlez-nous de votre d\u00e9m\u00e9nagement.<br \/>\r\n1 888 AMJ MOVE (265-6683)<\/h2>\n                                                                        <\/div>\n                                    <div class=\"footer-cta__or\">\n                <span class=\"like-h5\">or<\/span>\n              <\/div>\n              <div class=\"footer-cta__icon\">\n                <img decoding=\"async\" data-src=\"https:\/\/amjcampbellusa.com\/wp-content\/themes\/amj-2020\/dist\/images\/hand-truck--blue_976be37c.svg\" alt=\"\" src=\"data:image\/gif;base64,R0lGODlhAQABAAAAACH5BAEKAAEALAAAAAABAAEAAAICTAEAOw==\" class=\"lazyload\"><noscript><img decoding=\"async\" src=\"https:\/\/amjcampbellusa.com\/wp-content\/themes\/amj-2020\/dist\/images\/hand-truck--blue_976be37c.svg\" alt=\"\"><\/noscript>\n              <\/div>\n                        <div class=\"footer-cta__cta\">\n                                            <h2 class=\"like-h4\">Respectez votre budget.<br \/>\r\nVoici une estimation gratuite!<br \/>\r\n<\/h2>\n                                                          <a class=\"amj-btn amj-btn--arrow\"  href=\"\/fr\/get-a-quote\/\">Obtenir un <span class=\"link-end\">devis <i class=\"fas fa-arrow-right\"><\/i><\/span><\/a>\r\n  \r\n                          <\/div>\n                  <\/div>\n      <\/div>\n    <\/div>\n  <\/section>\n","protected":false},"excerpt":{"rendered":"","protected":false},"author":6,"featured_media":0,"parent":3975,"menu_order":0,"comment_status":"closed","ping_status":"closed","template":"","meta":{"_acf_changed":false,"footnotes":""},"class_list":["post-5023","page","type-page","status-publish","hentry"],"acf":[],"yoast_head":"<!-- This site is optimized with the Yoast SEO Premium plugin v22.5 (Yoast SEO v27.3) - https:\/\/yoast.com\/product\/yoast-seo-premium-wordpress\/ -->\n<title>Moving Tips - AMJ US<\/title>\n<meta name=\"description\" content=\"AMJ vous aide \u00e0 pr\u00e9parer un d\u00e9m\u00e9nagement simple gr\u00e2ce \u00e0 un plan par \u00e9tapes et des conseils d&#039;experts.\" \/>\n<meta name=\"robots\" content=\"noindex, follow, max-snippet:-1, max-image-preview:large, max-video-preview:-1\" \/>\n<meta property=\"og:locale\" content=\"fr_FR\" \/>\n<meta property=\"og:type\" content=\"article\" \/>\n<meta property=\"og:title\" content=\"Moving Tips\" \/>\n<meta property=\"og:url\" content=\"https:\/\/amjcampbellusa.com\/fr\/resources-fr\/moving-tips\/\" \/>\n<meta property=\"og:site_name\" content=\"AMJ US\" \/>\n<meta property=\"article:publisher\" content=\"https:\/\/www.facebook.com\/AMJCampbellMoving\/\" \/>\n<meta property=\"article:modified_time\" content=\"2021-04-12T00:06:42+00:00\" \/>\n<meta name=\"twitter:card\" content=\"summary_large_image\" \/>\n<meta name=\"twitter:site\" content=\"@amjcampbell\" \/>\n<script type=\"application\/ld+json\" class=\"yoast-schema-graph\">{\"@context\":\"https:\\\/\\\/schema.org\",\"@graph\":[{\"@type\":\"WebPage\",\"@id\":\"https:\\\/\\\/amjcampbellusa.com\\\/fr\\\/resources-fr\\\/moving-tips\\\/\",\"url\":\"https:\\\/\\\/amjcampbellusa.com\\\/fr\\\/resources-fr\\\/moving-tips\\\/\",\"name\":\"Moving Tips - AMJ US\",\"isPartOf\":{\"@id\":\"https:\\\/\\\/amjcampbellusa.com\\\/fr\\\/#website\"},\"datePublished\":\"2020-09-25T03:22:11+00:00\",\"dateModified\":\"2021-04-12T00:06:42+00:00\",\"description\":\"AMJ vous aide \u00e0 pr\u00e9parer un d\u00e9m\u00e9nagement simple gr\u00e2ce \u00e0 un plan par \u00e9tapes et des conseils d'experts.\",\"breadcrumb\":{\"@id\":\"https:\\\/\\\/amjcampbellusa.com\\\/fr\\\/resources-fr\\\/moving-tips\\\/#breadcrumb\"},\"inLanguage\":\"fr-FR\",\"potentialAction\":[{\"@type\":\"ReadAction\",\"target\":[\"https:\\\/\\\/amjcampbellusa.com\\\/fr\\\/resources-fr\\\/moving-tips\\\/\"]}]},{\"@type\":\"BreadcrumbList\",\"@id\":\"https:\\\/\\\/amjcampbellusa.com\\\/fr\\\/resources-fr\\\/moving-tips\\\/#breadcrumb\",\"itemListElement\":[{\"@type\":\"ListItem\",\"position\":1,\"name\":\"Home\",\"item\":\"https:\\\/\\\/amjcampbellusa.com\\\/fr\\\/\"},{\"@type\":\"ListItem\",\"position\":2,\"name\":\"Resources\",\"item\":\"https:\\\/\\\/amjcampbellusa.com\\\/fr\\\/resources-fr\\\/\"},{\"@type\":\"ListItem\",\"position\":3,\"name\":\"Moving Tips\"}]},{\"@type\":\"WebSite\",\"@id\":\"https:\\\/\\\/amjcampbellusa.com\\\/fr\\\/#website\",\"url\":\"https:\\\/\\\/amjcampbellusa.com\\\/fr\\\/\",\"name\":\"AMJ CAMPBELL - CANADA'S LARGEST MOVER\",\"description\":\"Make Your Best Move\",\"publisher\":{\"@id\":\"https:\\\/\\\/amjcampbellusa.com\\\/fr\\\/#organization\"},\"potentialAction\":[{\"@type\":\"SearchAction\",\"target\":{\"@type\":\"EntryPoint\",\"urlTemplate\":\"https:\\\/\\\/amjcampbellusa.com\\\/fr\\\/?s={search_term_string}\"},\"query-input\":{\"@type\":\"PropertyValueSpecification\",\"valueRequired\":true,\"valueName\":\"search_term_string\"}}],\"inLanguage\":\"fr-FR\"},{\"@type\":\"Organization\",\"@id\":\"https:\\\/\\\/amjcampbellusa.com\\\/fr\\\/#organization\",\"name\":\"AMJ Campbell\",\"url\":\"https:\\\/\\\/amjcampbellusa.com\\\/fr\\\/\",\"logo\":{\"@type\":\"ImageObject\",\"inLanguage\":\"fr-FR\",\"@id\":\"https:\\\/\\\/amjcampbellusa.com\\\/fr\\\/#\\\/schema\\\/logo\\\/image\\\/\",\"url\":\"https:\\\/\\\/amjcampbellusa.com\\\/wp-content\\\/uploads\\\/2020\\\/09\\\/LOGO_NEW_EN.svg\",\"contentUrl\":\"https:\\\/\\\/amjcampbellusa.com\\\/wp-content\\\/uploads\\\/2020\\\/09\\\/LOGO_NEW_EN.svg\",\"width\":1,\"height\":1,\"caption\":\"AMJ Campbell\"},\"image\":{\"@id\":\"https:\\\/\\\/amjcampbellusa.com\\\/fr\\\/#\\\/schema\\\/logo\\\/image\\\/\"},\"sameAs\":[\"https:\\\/\\\/www.facebook.com\\\/AMJCampbellMoving\\\/\",\"https:\\\/\\\/x.com\\\/amjcampbell\",\"https:\\\/\\\/www.instagram.com\\\/amjcampbell\\\/\",\"https:\\\/\\\/www.linkedin.com\\\/company\\\/amjcampbell\\\/\",\"https:\\\/\\\/www.youtube.com\\\/c\\\/AmjtorontomovingOnt\\\/\"]}]}<\/script>\n<!-- \/ Yoast SEO Premium plugin. -->","yoast_head_json":{"title":"Moving Tips - AMJ US","description":"AMJ vous aide \u00e0 pr\u00e9parer un d\u00e9m\u00e9nagement simple gr\u00e2ce \u00e0 un plan par \u00e9tapes et des conseils d'experts.","robots":{"index":"noindex","follow":"follow","max-snippet":"max-snippet:-1","max-image-preview":"max-image-preview:large","max-video-preview":"max-video-preview:-1"},"og_locale":"fr_FR","og_type":"article","og_title":"Moving Tips","og_url":"https:\/\/amjcampbellusa.com\/fr\/resources-fr\/moving-tips\/","og_site_name":"AMJ US","article_publisher":"https:\/\/www.facebook.com\/AMJCampbellMoving\/","article_modified_time":"2021-04-12T00:06:42+00:00","twitter_card":"summary_large_image","twitter_site":"@amjcampbell","schema":{"@context":"https:\/\/schema.org","@graph":[{"@type":"WebPage","@id":"https:\/\/amjcampbellusa.com\/fr\/resources-fr\/moving-tips\/","url":"https:\/\/amjcampbellusa.com\/fr\/resources-fr\/moving-tips\/","name":"Moving Tips - AMJ US","isPartOf":{"@id":"https:\/\/amjcampbellusa.com\/fr\/#website"},"datePublished":"2020-09-25T03:22:11+00:00","dateModified":"2021-04-12T00:06:42+00:00","description":"AMJ vous aide \u00e0 pr\u00e9parer un d\u00e9m\u00e9nagement simple gr\u00e2ce \u00e0 un plan par \u00e9tapes et des conseils d'experts.","breadcrumb":{"@id":"https:\/\/amjcampbellusa.com\/fr\/resources-fr\/moving-tips\/#breadcrumb"},"inLanguage":"fr-FR","potentialAction":[{"@type":"ReadAction","target":["https:\/\/amjcampbellusa.com\/fr\/resources-fr\/moving-tips\/"]}]},{"@type":"BreadcrumbList","@id":"https:\/\/amjcampbellusa.com\/fr\/resources-fr\/moving-tips\/#breadcrumb","itemListElement":[{"@type":"ListItem","position":1,"name":"Home","item":"https:\/\/amjcampbellusa.com\/fr\/"},{"@type":"ListItem","position":2,"name":"Resources","item":"https:\/\/amjcampbellusa.com\/fr\/resources-fr\/"},{"@type":"ListItem","position":3,"name":"Moving Tips"}]},{"@type":"WebSite","@id":"https:\/\/amjcampbellusa.com\/fr\/#website","url":"https:\/\/amjcampbellusa.com\/fr\/","name":"AMJ CAMPBELL - CANADA'S LARGEST MOVER","description":"Make Your Best Move","publisher":{"@id":"https:\/\/amjcampbellusa.com\/fr\/#organization"},"potentialAction":[{"@type":"SearchAction","target":{"@type":"EntryPoint","urlTemplate":"https:\/\/amjcampbellusa.com\/fr\/?s={search_term_string}"},"query-input":{"@type":"PropertyValueSpecification","valueRequired":true,"valueName":"search_term_string"}}],"inLanguage":"fr-FR"},{"@type":"Organization","@id":"https:\/\/amjcampbellusa.com\/fr\/#organization","name":"AMJ Campbell","url":"https:\/\/amjcampbellusa.com\/fr\/","logo":{"@type":"ImageObject","inLanguage":"fr-FR","@id":"https:\/\/amjcampbellusa.com\/fr\/#\/schema\/logo\/image\/","url":"https:\/\/amjcampbellusa.com\/wp-content\/uploads\/2020\/09\/LOGO_NEW_EN.svg","contentUrl":"https:\/\/amjcampbellusa.com\/wp-content\/uploads\/2020\/09\/LOGO_NEW_EN.svg","width":1,"height":1,"caption":"AMJ Campbell"},"image":{"@id":"https:\/\/amjcampbellusa.com\/fr\/#\/schema\/logo\/image\/"},"sameAs":["https:\/\/www.facebook.com\/AMJCampbellMoving\/","https:\/\/x.com\/amjcampbell","https:\/\/www.instagram.com\/amjcampbell\/","https:\/\/www.linkedin.com\/company\/amjcampbell\/","https:\/\/www.youtube.com\/c\/AmjtorontomovingOnt\/"]}]}},"_links":{"self":[{"href":"https:\/\/amjcampbellusa.com\/fr\/wp-json\/wp\/v2\/pages\/5023","targetHints":{"allow":["GET"]}}],"collection":[{"href":"https:\/\/amjcampbellusa.com\/fr\/wp-json\/wp\/v2\/pages"}],"about":[{"href":"https:\/\/amjcampbellusa.com\/fr\/wp-json\/wp\/v2\/types\/page"}],"author":[{"embeddable":true,"href":"https:\/\/amjcampbellusa.com\/fr\/wp-json\/wp\/v2\/users\/6"}],"replies":[{"embeddable":true,"href":"https:\/\/amjcampbellusa.com\/fr\/wp-json\/wp\/v2\/comments?post=5023"}],"version-history":[{"count":0,"href":"https:\/\/amjcampbellusa.com\/fr\/wp-json\/wp\/v2\/pages\/5023\/revisions"}],"up":[{"embeddable":true,"href":"https:\/\/amjcampbellusa.com\/fr\/wp-json\/wp\/v2\/pages\/3975"}],"wp:attachment":[{"href":"https:\/\/amjcampbellusa.com\/fr\/wp-json\/wp\/v2\/media?parent=5023"}],"curies":[{"name":"wp","href":"https:\/\/api.w.org\/{rel}","templated":true}]}}