{"id":4240,"date":"2020-09-21T18:10:38","date_gmt":"2020-09-21T22:10:38","guid":{"rendered":"https:\/\/amjus.wpenginepowered.com\/?page_id=4240"},"modified":"2021-04-28T12:18:29","modified_gmt":"2021-04-28T16:18:29","slug":"privacy-policy","status":"publish","type":"page","link":"https:\/\/amjcampbellusa.com\/fr\/privacy-policy\/","title":{"rendered":"Privacy Policy"},"content":{"rendered":"<section class=\"section generic-content\">\n    <div class=\"row\">\n      <div class=\"column\">\n        <h1 style=\"color: #0072bc; text-align: center;\">Politique de confidentialit\u00e9<\/h1>\n\n      <\/div>\n    <\/div>\n  <\/section>\n\n\n<section class=\"section generic-content\">\n    <div class=\"row\">\n      <div class=\"column\">\n        <p>AMJ Campbell inc., ses franchis\u00e9s, agents et affili\u00e9s (collectivement \u00ab\u2009nous\u2009\u00bb ou \u00ab\u2009AMJ\u2009\u00bb) reconnaissent l\u2019importance de prot\u00e9ger la confidentialit\u00e9 de vos renseignements personnels. Cette Politique de confidentialit\u00e9 \u00e9tablit les grandes lignes sur comment nous recueillons et g\u00e9rons vos renseignements personnels et comment nous prot\u00e9geons la confidentialit\u00e9 de ceux ci.<\/p>\n<p>AMJ est responsable des renseignements personnels que nous recueillons et conservons.<\/p>\n<h3>Quels renseignements personnels recueillons-nous?<\/h3>\n<p>G\u00e9n\u00e9ralement, nous recueillons ces renseignements au moment de vous pr\u00e9parer une soumission ou une proposition de services ou l\u2019approvisionnement d\u2019autres produits, ou \u00e0 une date ult\u00e9rieure au besoin. Cependant, il se peut \u00e9galement que nous recueillions une partie de ces renseignements par des tiers.<\/p>\n<h3>Comment utilisons-nous et divulguons-nous les renseignements que nous recueillons?<\/h3>\n<p>Nous utilisons et pouvons divulguer vos renseignements personnels aux fins suivantes :<\/p>\n<ol>\n<li>afin de pr\u00e9parer les propositions de services et\/ou de produits et pour traiter ou fournir des produits et services;<\/li>\n<li>afin de surveiller la performance de nos services;<\/li>\n<li>pour le r\u00e8glement de r\u00e9clamations reli\u00e9es aux cargaisons;<\/li>\n<li>\u00e0 des fins de facturation et d\u2019administration financi\u00e8re;<\/li>\n<li>afin de mieux comprendre vos besoins et comment nous pouvons am\u00e9liorer nos produits et services;<\/li>\n<li>\u00e0 des fins de service \u00e0 la client\u00e8le, incluant les communications futures avec vous;<\/li>\n<li>afin de vous informer sur nos autres produits et services qui pourraient vous int\u00e9resser; et<\/li>\n<li>afin d\u2019\u00eatre en conformit\u00e9 avec toute exigence l\u00e9gale ou r\u00e8glementaire.<\/li>\n<\/ol>\n<p>Il se peut que nous fournissions vos informations de contact \u00e0 d\u2019autres organisations avec lesquels nous avons une relation de partenariat afin qu\u2019ils puissent vous informer au sujet d\u2019offres de produits et de services qui pourraient vous int\u00e9resser.<\/p>\n<p>De plus, il se peut que, conjointement avec d\u2019autres organisations avec lesquels nous avons une relation de partenariat, nous utilisions vos renseignements afin de vous offrir des produits ou des services qui pourraient vous int\u00e9resser. Si nous le faisons, ces partenaires n\u2019auront jamais acc\u00e8s \u00e0 vos informations de contact. \u00c0 la place, vos informations de contact seront fournies \u00e0 un tiers \u00e0 des fins d\u2019envoi par la poste uniquement et seront en tout temps prot\u00e9g\u00e9es par une entente de protection des donn\u00e9es.<\/p>\n<p>Il se peut \u00e9galement que nous divulguions vos renseignements sans votre consentement dans des circonstances permises ou exig\u00e9es par la loi.<\/p>\n<h3>Votre consentement<\/h3>\n<p>En nous fournissant vos renseignements personnels dans le cadre de la commande d\u2019un produit ou d\u2019un service, vous serez r\u00e9put\u00e9 avoir consenti \u00e0 la collecte de ces renseignements aux fins ci-dessus, incluant toute collecte de la part d\u2019un tiers. Si nous proposons d\u2019utiliser ou de divulguer vos renseignements personnels \u00e0 des fins que nous ne vous avons pas d\u00e9crites pr\u00e9c\u00e9demment, nous t\u00e2cherons d\u2019obtenir un nouveau consentement de votre part pour de telles fins.<\/p>\n<p>Si vous ne souhaitez pas \u00eatre inform\u00e9 des autres produits et services de nos partenaires ou que nous fournissions vos informations de contact \u00e0 nos partenaires afin qu\u2019ils vous offrent des produits et services qui pourraient vous int\u00e9resser, vous pouvez contacter notre Bureau de la protection de la confidentialit\u00e9 en tout temps au 1-800-465-3089 ou par courriel \u00e0 l\u2019adresse privacyoffice@amjcampbell.com ou par la poste \u00e0 l\u2019adresse fournie \u00e0 la fin de cette politique.<\/p>\n<h3>S\u00e9curit\u00e9 de vos renseignements<\/h3>\n<p>Nous avons mis des mesures physiques, administratives et technologiques appropri\u00e9es en place afin de prot\u00e9ger vos renseignements personnels contre le vol ainsi que l\u2019acc\u00e8s, l\u2019utilisation, la divulgation, la copie et la modification non autoris\u00e9s.<\/p>\n<h3>Acc\u00e8s \u00e0 vos renseignements<\/h3>\n<p>En contactant notre Bureau de la protection de la confidentialit\u00e9, vous pouvez demander, en tout temps, une copie de vos renseignements personnels que nous d\u00e9tenons et pouvez nous demander de mettre \u00e0 jour ces renseignements ou modifier votre autorisation d\u2019utiliser ou de partager vos renseignements.<\/p>\n<h3>Communiquer avec nous<\/h3>\n<p>Si vous avez des questions, commentaires ou pr\u00e9occupations ou si vous souhaitez acc\u00e9der et\/ou mettre \u00e0 jour vos renseignements, vous pouvez contacter le Bureau de la protection de la confidentialit\u00e9 comme suit :<\/p>\n<p>Bureau de la protection de la confidentialit\u00e9<\/p>\n<p>AMJ Campbell inc.<br \/>\n6140 Vipond Drive<br \/>\nMississauga, Ontario<br \/>\nL5T 2B2<\/p>\n<p>T\u00e9l. : 905.670.7111<br \/>\nprivacyofficer@amjcampbell.com<\/p>\n\n      <\/div>\n    <\/div>\n  <\/section>\n\n\n\n<p><\/p>\n","protected":false},"excerpt":{"rendered":"","protected":false},"author":6,"featured_media":0,"parent":0,"menu_order":0,"comment_status":"closed","ping_status":"closed","template":"","meta":{"_acf_changed":false,"footnotes":""},"class_list":["post-4240","page","type-page","status-publish","hentry"],"acf":[],"yoast_head":"<!-- This site is optimized with the Yoast SEO Premium plugin v22.5 (Yoast SEO v27.3) - https:\/\/yoast.com\/product\/yoast-seo-premium-wordpress\/ -->\n<title>Politique de confidentialit\u00e9 | AMJ Campbell Canada<\/title>\n<meta name=\"description\" content=\"Cette politique de confidentialit\u00e9 d\u00e9crit comment TriGlobal BV recueille, utilise, partage et s\u00e9curise les informations personnelles que vous fournissez\" \/>\n<meta name=\"robots\" content=\"noindex, follow, max-snippet:-1, max-image-preview:large, max-video-preview:-1\" \/>\n<meta property=\"og:locale\" content=\"fr_FR\" \/>\n<meta property=\"og:type\" content=\"article\" \/>\n<meta property=\"og:title\" content=\"Privacy Policy\" \/>\n<meta property=\"og:url\" content=\"https:\/\/amjcampbellusa.com\/fr\/privacy-policy\/\" \/>\n<meta property=\"og:site_name\" content=\"AMJ US\" \/>\n<meta property=\"article:publisher\" content=\"https:\/\/www.facebook.com\/AMJCampbellMoving\/\" \/>\n<meta property=\"article:modified_time\" content=\"2021-04-28T16:18:29+00:00\" \/>\n<meta name=\"twitter:card\" content=\"summary_large_image\" \/>\n<meta name=\"twitter:site\" content=\"@amjcampbell\" \/>\n<script type=\"application\/ld+json\" class=\"yoast-schema-graph\">{\"@context\":\"https:\\\/\\\/schema.org\",\"@graph\":[{\"@type\":\"WebPage\",\"@id\":\"https:\\\/\\\/amjcampbellusa.com\\\/fr\\\/privacy-policy\\\/\",\"url\":\"https:\\\/\\\/amjcampbellusa.com\\\/fr\\\/privacy-policy\\\/\",\"name\":\"Politique de confidentialit\u00e9 | AMJ Campbell Canada\",\"isPartOf\":{\"@id\":\"https:\\\/\\\/amjcampbellusa.com\\\/fr\\\/#website\"},\"datePublished\":\"2020-09-21T22:10:38+00:00\",\"dateModified\":\"2021-04-28T16:18:29+00:00\",\"description\":\"Cette politique de confidentialit\u00e9 d\u00e9crit comment TriGlobal BV recueille, utilise, partage et s\u00e9curise les informations personnelles que vous fournissez\",\"breadcrumb\":{\"@id\":\"https:\\\/\\\/amjcampbellusa.com\\\/fr\\\/privacy-policy\\\/#breadcrumb\"},\"inLanguage\":\"fr-FR\",\"potentialAction\":[{\"@type\":\"ReadAction\",\"target\":[\"https:\\\/\\\/amjcampbellusa.com\\\/fr\\\/privacy-policy\\\/\"]}]},{\"@type\":\"BreadcrumbList\",\"@id\":\"https:\\\/\\\/amjcampbellusa.com\\\/fr\\\/privacy-policy\\\/#breadcrumb\",\"itemListElement\":[{\"@type\":\"ListItem\",\"position\":1,\"name\":\"Home\",\"item\":\"https:\\\/\\\/amjcampbellusa.com\\\/fr\\\/\"},{\"@type\":\"ListItem\",\"position\":2,\"name\":\"Privacy Policy\"}]},{\"@type\":\"WebSite\",\"@id\":\"https:\\\/\\\/amjcampbellusa.com\\\/fr\\\/#website\",\"url\":\"https:\\\/\\\/amjcampbellusa.com\\\/fr\\\/\",\"name\":\"AMJ CAMPBELL - CANADA'S LARGEST MOVER\",\"description\":\"Make Your Best Move\",\"publisher\":{\"@id\":\"https:\\\/\\\/amjcampbellusa.com\\\/fr\\\/#organization\"},\"potentialAction\":[{\"@type\":\"SearchAction\",\"target\":{\"@type\":\"EntryPoint\",\"urlTemplate\":\"https:\\\/\\\/amjcampbellusa.com\\\/fr\\\/?s={search_term_string}\"},\"query-input\":{\"@type\":\"PropertyValueSpecification\",\"valueRequired\":true,\"valueName\":\"search_term_string\"}}],\"inLanguage\":\"fr-FR\"},{\"@type\":\"Organization\",\"@id\":\"https:\\\/\\\/amjcampbellusa.com\\\/fr\\\/#organization\",\"name\":\"AMJ Campbell\",\"url\":\"https:\\\/\\\/amjcampbellusa.com\\\/fr\\\/\",\"logo\":{\"@type\":\"ImageObject\",\"inLanguage\":\"fr-FR\",\"@id\":\"https:\\\/\\\/amjcampbellusa.com\\\/fr\\\/#\\\/schema\\\/logo\\\/image\\\/\",\"url\":\"https:\\\/\\\/amjcampbellusa.com\\\/wp-content\\\/uploads\\\/2020\\\/09\\\/LOGO_NEW_EN.svg\",\"contentUrl\":\"https:\\\/\\\/amjcampbellusa.com\\\/wp-content\\\/uploads\\\/2020\\\/09\\\/LOGO_NEW_EN.svg\",\"width\":1,\"height\":1,\"caption\":\"AMJ Campbell\"},\"image\":{\"@id\":\"https:\\\/\\\/amjcampbellusa.com\\\/fr\\\/#\\\/schema\\\/logo\\\/image\\\/\"},\"sameAs\":[\"https:\\\/\\\/www.facebook.com\\\/AMJCampbellMoving\\\/\",\"https:\\\/\\\/x.com\\\/amjcampbell\",\"https:\\\/\\\/www.instagram.com\\\/amjcampbell\\\/\",\"https:\\\/\\\/www.linkedin.com\\\/company\\\/amjcampbell\\\/\",\"https:\\\/\\\/www.youtube.com\\\/c\\\/AmjtorontomovingOnt\\\/\"]}]}<\/script>\n<!-- \/ Yoast SEO Premium plugin. -->","yoast_head_json":{"title":"Politique de confidentialit\u00e9 | AMJ Campbell Canada","description":"Cette politique de confidentialit\u00e9 d\u00e9crit comment TriGlobal BV recueille, utilise, partage et s\u00e9curise les informations personnelles que vous fournissez","robots":{"index":"noindex","follow":"follow","max-snippet":"max-snippet:-1","max-image-preview":"max-image-preview:large","max-video-preview":"max-video-preview:-1"},"og_locale":"fr_FR","og_type":"article","og_title":"Privacy Policy","og_url":"https:\/\/amjcampbellusa.com\/fr\/privacy-policy\/","og_site_name":"AMJ US","article_publisher":"https:\/\/www.facebook.com\/AMJCampbellMoving\/","article_modified_time":"2021-04-28T16:18:29+00:00","twitter_card":"summary_large_image","twitter_site":"@amjcampbell","schema":{"@context":"https:\/\/schema.org","@graph":[{"@type":"WebPage","@id":"https:\/\/amjcampbellusa.com\/fr\/privacy-policy\/","url":"https:\/\/amjcampbellusa.com\/fr\/privacy-policy\/","name":"Politique de confidentialit\u00e9 | AMJ Campbell Canada","isPartOf":{"@id":"https:\/\/amjcampbellusa.com\/fr\/#website"},"datePublished":"2020-09-21T22:10:38+00:00","dateModified":"2021-04-28T16:18:29+00:00","description":"Cette politique de confidentialit\u00e9 d\u00e9crit comment TriGlobal BV recueille, utilise, partage et s\u00e9curise les informations personnelles que vous fournissez","breadcrumb":{"@id":"https:\/\/amjcampbellusa.com\/fr\/privacy-policy\/#breadcrumb"},"inLanguage":"fr-FR","potentialAction":[{"@type":"ReadAction","target":["https:\/\/amjcampbellusa.com\/fr\/privacy-policy\/"]}]},{"@type":"BreadcrumbList","@id":"https:\/\/amjcampbellusa.com\/fr\/privacy-policy\/#breadcrumb","itemListElement":[{"@type":"ListItem","position":1,"name":"Home","item":"https:\/\/amjcampbellusa.com\/fr\/"},{"@type":"ListItem","position":2,"name":"Privacy Policy"}]},{"@type":"WebSite","@id":"https:\/\/amjcampbellusa.com\/fr\/#website","url":"https:\/\/amjcampbellusa.com\/fr\/","name":"AMJ CAMPBELL - CANADA'S LARGEST MOVER","description":"Make Your Best Move","publisher":{"@id":"https:\/\/amjcampbellusa.com\/fr\/#organization"},"potentialAction":[{"@type":"SearchAction","target":{"@type":"EntryPoint","urlTemplate":"https:\/\/amjcampbellusa.com\/fr\/?s={search_term_string}"},"query-input":{"@type":"PropertyValueSpecification","valueRequired":true,"valueName":"search_term_string"}}],"inLanguage":"fr-FR"},{"@type":"Organization","@id":"https:\/\/amjcampbellusa.com\/fr\/#organization","name":"AMJ Campbell","url":"https:\/\/amjcampbellusa.com\/fr\/","logo":{"@type":"ImageObject","inLanguage":"fr-FR","@id":"https:\/\/amjcampbellusa.com\/fr\/#\/schema\/logo\/image\/","url":"https:\/\/amjcampbellusa.com\/wp-content\/uploads\/2020\/09\/LOGO_NEW_EN.svg","contentUrl":"https:\/\/amjcampbellusa.com\/wp-content\/uploads\/2020\/09\/LOGO_NEW_EN.svg","width":1,"height":1,"caption":"AMJ Campbell"},"image":{"@id":"https:\/\/amjcampbellusa.com\/fr\/#\/schema\/logo\/image\/"},"sameAs":["https:\/\/www.facebook.com\/AMJCampbellMoving\/","https:\/\/x.com\/amjcampbell","https:\/\/www.instagram.com\/amjcampbell\/","https:\/\/www.linkedin.com\/company\/amjcampbell\/","https:\/\/www.youtube.com\/c\/AmjtorontomovingOnt\/"]}]}},"_links":{"self":[{"href":"https:\/\/amjcampbellusa.com\/fr\/wp-json\/wp\/v2\/pages\/4240","targetHints":{"allow":["GET"]}}],"collection":[{"href":"https:\/\/amjcampbellusa.com\/fr\/wp-json\/wp\/v2\/pages"}],"about":[{"href":"https:\/\/amjcampbellusa.com\/fr\/wp-json\/wp\/v2\/types\/page"}],"author":[{"embeddable":true,"href":"https:\/\/amjcampbellusa.com\/fr\/wp-json\/wp\/v2\/users\/6"}],"replies":[{"embeddable":true,"href":"https:\/\/amjcampbellusa.com\/fr\/wp-json\/wp\/v2\/comments?post=4240"}],"version-history":[{"count":0,"href":"https:\/\/amjcampbellusa.com\/fr\/wp-json\/wp\/v2\/pages\/4240\/revisions"}],"wp:attachment":[{"href":"https:\/\/amjcampbellusa.com\/fr\/wp-json\/wp\/v2\/media?parent=4240"}],"curies":[{"name":"wp","href":"https:\/\/api.w.org\/{rel}","templated":true}]}}