{"id":3975,"date":"2020-09-18T11:47:53","date_gmt":"2020-09-18T15:47:53","guid":{"rendered":"https:\/\/amjus.wpenginepowered.com\/?page_id=3975"},"modified":"2021-04-28T09:50:45","modified_gmt":"2021-04-28T13:50:45","slug":"resources-fr","status":"publish","type":"page","link":"https:\/\/amjcampbellusa.com\/fr\/resources-fr\/","title":{"rendered":"Resources"},"content":{"rendered":"<section class=\"section splash-hero splash-hero--default\">\r\n  <div class=\"row\">\r\n    <div class=\"column\">\r\n              <div class=\"splash-hero__content\">\r\n                      <h1>Votre trousse d\u2019outils AMJ<\/h1>\r\n                                          <p>Un bon d\u00e9m\u00e9nagement commence par une bonne planification. La trousse d\u2019outils d\u2019AMJ Campbell comprend des ressources qui vous aideront \u00e0 vous pr\u00e9parer pour une transition en douceur, du d\u00e9but \u00e0 la fin du processus de d\u00e9m\u00e9nagement.<\/p>\r\n                                <div class=\"splash-hero__list\">\r\n                              <div class=\"splash-hero__item\">\r\n                  <a class=\"amj-btn amj-btn--pill\"  href=\"#moving-tips\">Conseils pour le d\u00e9m\u00e9nagement <\/a>\r\n  \r\n                <\/div>\r\n                              <div class=\"splash-hero__item\">\r\n                  <a class=\"amj-btn amj-btn--pill\"  href=\"#packing-tips\">Conseils pour l\u2019emballage <\/a>\r\n  \r\n                <\/div>\r\n                              <div class=\"splash-hero__item\">\r\n                  <a class=\"amj-btn amj-btn--pill\"  href=\"#checklists\">Liste de contr\u00f4le pour le d\u00e9m\u00e9nagement <\/a>\r\n  \r\n                <\/div>\r\n                              <div class=\"splash-hero__item\">\r\n                  <a class=\"amj-btn amj-btn--pill\"  href=\"#faqs\">FAQs <\/a>\r\n  \r\n                <\/div>\r\n                              <div class=\"splash-hero__item\">\r\n                  <a class=\"amj-btn amj-btn--pill\"  href=\"#track-delivery\">Suivi des livraisons  <\/a>\r\n  \r\n                <\/div>\r\n                          <\/div>\r\n                                                <\/div>\r\n          <\/div>\r\n  <\/div>\r\n      <div class=\"splash-hero__image\">\r\n      <img decoding=\"async\"  src=\"https:\/\/amjcampbellusa.com\/wp-content\/uploads\/2020\/09\/AMJ_Background_Parallax_@2x.png\" srcset=\"https:\/\/amjcampbellusa.com\/wp-content\/uploads\/2020\/09\/AMJ_Background_Parallax_@2x.png 1x\" alt=\"Header Image Moving Services\" class=\"no-lazy\" loading=\"auto\">\n    <\/div>\r\n    <\/section>\r\n\n\n<section  id=\"moving-tips\"  class=\"section\n    text-image text-image--default text-image--num-false\">\n    <div class=\"row\">\n        <div class=\"column\">\n            <div class=\"text-image__inner\">\n                <div class=\"text-image__left\">\n                    <div class=\"text-image__left-container\">\n                                                                            <h2>Conseils en mati\u00e8re de d\u00e9m\u00e9nagement<\/h2>\n                                                                            <p>Les conseils d\u2019AMJ Campbell sur le d\u00e9m\u00e9nagement sont une excellente ressource pour un d\u00e9m\u00e9nagement r\u00e9ussi. Bien s\u00fbr, chaque personne est diff\u00e9rente, mais cette approche g\u00e9n\u00e9rale vous aidera \u00e0 vous pr\u00e9parer avec efficacit\u00e9 et \u00e0 respecter votre budget, et ce, d\u00e8s le d\u00e9but du processus de d\u00e9m\u00e9nagement r\u00e9sidentiel ou commercial avec nous.<\/p>\n\n                                                                            <br><br>\n                            <a class=\"amj-btn amj-btn--pill\"  href=\"\/fr\/resources\/moving-tips\/\"> Conseils de d\u00e9m\u00e9nagement  <\/a>\r\n  \r\n                                            <\/div>\n                <\/div>\n                <div class=\"text-image__right\">\n                    <div class=\"text-image__image\">\n                                                    <img  data-src=\"https:\/\/amjcampbellusa.com\/wp-content\/uploads\/2020\/09\/AMJ_Resource_MovingTip_Crop_DSC03619.jpg\" data-srcset=\"https:\/\/amjcampbellusa.com\/wp-content\/uploads\/2020\/09\/AMJ_Resource_MovingTip_Crop_DSC03619.jpg 1x\" alt=\"Moving_tips_resources\" class=\"lazy\" loading=\"lazy\">\n                                            <\/div>\n                <\/div>\n            <\/div>\n        <\/div>\n    <\/div>\n<\/section>\n\n\n<section  id=\"packing-tips\"  class=\"section\n    text-image text-image--left text-image--num-false\">\n    <div class=\"row\">\n        <div class=\"column\">\n            <div class=\"text-image__inner\">\n                <div class=\"text-image__left\">\n                    <div class=\"text-image__left-container\">\n                                                                            <h2>Conseils pour l\u2019emballage<\/h2>\n                                                                            <p>Pour un emballage sans souci, AMJ Campbell peut faire le travail \u00e0 votre place. Toutefois, si vous emballez vous-m\u00eames vos effets, nous serons toujours l\u00e0 pour vous aider. Fiez-vous aux plus de 85 ans d\u2019expertise d\u2019AMJ en mati\u00e8re de d\u00e9m\u00e9nagement et profitez de ces conseils pour votre d\u00e9m\u00e9nagement r\u00e9sidentiel ou commercial.<\/p>\n\n                                                                            <br><br>\n                            <a class=\"amj-btn amj-btn--pill\"  href=\"\/fr\/resources\/packing-tips\">Commencer \u00e0 emballer  <\/a>\r\n  \r\n                                            <\/div>\n                <\/div>\n                <div class=\"text-image__right\">\n                    <div class=\"text-image__image\">\n                                                    <img  data-src=\"https:\/\/amjcampbellusa.com\/wp-content\/uploads\/2020\/09\/AMJ_Resource_PackingTip_Crop_DSC04006.jpg\" data-srcset=\"https:\/\/amjcampbellusa.com\/wp-content\/uploads\/2020\/09\/AMJ_Resource_PackingTip_Crop_DSC04006.jpg 1x\" alt=\"Packing_tips_resources\" class=\"lazy\" loading=\"lazy\">\n                                            <\/div>\n                <\/div>\n            <\/div>\n        <\/div>\n    <\/div>\n<\/section>\n\n\n<section  id=\"Checklists\"  class=\"section\n    text-image text-image--default text-image--num-false\">\n    <div class=\"row\">\n        <div class=\"column\">\n            <div class=\"text-image__inner\">\n                <div class=\"text-image__left\">\n                    <div class=\"text-image__left-container\">\n                                                                            <h2>Liste de contr\u00f4le pour le d\u00e9m\u00e9nagement<\/h2>\n                                                                            <p>Chaque ann\u00e9e, AMJ Campbell aide des milliers de personnes \u00e0 d\u00e9m\u00e9nager leur maison et leur bureau au Canada et dans le monde entier. Et chaque d\u00e9m\u00e9nagement am\u00e8ne son lot de questions. Alors, voici quelques r\u00e9ponses qui vous aideront \u00e0 commencer le processus de d\u00e9m\u00e9nagement avec de l\u2019information sur laquelle vous pouvez compter.<\/p>\n\n                                                                            <br><br>\n                            <a class=\"amj-btn amj-btn--pill\"  href=\"\/fr\/resources\/moving-checklist\/\">Obtenir la liste de contr\u00f4le <\/a>\r\n  \r\n                                            <\/div>\n                <\/div>\n                <div class=\"text-image__right\">\n                    <div class=\"text-image__image\">\n                                                    <img  data-src=\"https:\/\/amjcampbellusa.com\/wp-content\/uploads\/2020\/09\/AMJ_Resource_Checklist_Crop_DSC03653.jpg\" data-srcset=\"https:\/\/amjcampbellusa.com\/wp-content\/uploads\/2020\/09\/AMJ_Resource_Checklist_Crop_DSC03653.jpg 1x\" alt=\"\" class=\"lazy\" loading=\"lazy\">\n                                            <\/div>\n                <\/div>\n            <\/div>\n        <\/div>\n    <\/div>\n<\/section>\n\n\n<section  id=\"faqs\"  class=\"section\n    text-image text-image--left text-image--num-false\">\n    <div class=\"row\">\n        <div class=\"column\">\n            <div class=\"text-image__inner\">\n                <div class=\"text-image__left\">\n                    <div class=\"text-image__left-container\">\n                                                                            <h2>Obtenir la liste de contr\u00f4le d\u2019AJM <\/h2>\n                                                                            <p>Chaque ann\u00e9e, AMJ Campbell aide des milliers de personnes \u00e0 d\u00e9m\u00e9nager leur maison et leur bureau au Canada et dans le monde entier. Et chaque d\u00e9m\u00e9nagement am\u00e8ne son lot de questions. Alors, voici quelques r\u00e9ponses qui vous aideront \u00e0 commencer le processus de d\u00e9m\u00e9nagement avec de l\u2019information sur laquelle vous pouvez compter.<\/p>\n\n                                                                            <br><br>\n                            <a class=\"amj-btn amj-btn--pill\"  href=\"\/fr\/resources\/moving-faq\">Trouver des r\u00e9ponses <\/a>\r\n  \r\n                                            <\/div>\n                <\/div>\n                <div class=\"text-image__right\">\n                    <div class=\"text-image__image\">\n                                                    <img  data-src=\"https:\/\/amjcampbellusa.com\/wp-content\/uploads\/2020\/09\/AMJ_Resource_FAQ_Crop_DSC04957.jpg\" data-srcset=\"https:\/\/amjcampbellusa.com\/wp-content\/uploads\/2020\/09\/AMJ_Resource_FAQ_Crop_DSC04957.jpg 1x\" alt=\"Man driving moving truck at Moncton\" class=\"lazy\" loading=\"lazy\">\n                                            <\/div>\n                <\/div>\n            <\/div>\n        <\/div>\n    <\/div>\n<\/section>\n\n\n<section  id=\"track-delivery\"  class=\"section\n    text-image text-image--default text-image--num-false\">\n    <div class=\"row\">\n        <div class=\"column\">\n            <div class=\"text-image__inner\">\n                <div class=\"text-image__left\">\n                    <div class=\"text-image__left-container\">\n                                                                            <h2>Suivi des livraisons <\/h2>\n                                                                            <p>Le service de suivi des livraisons \u00e0 domicile d\u2019AMJ Campbell peut aider les clients \u00e0 se tenir \u00e0 jour gr\u00e2ce \u00e0 notre syst\u00e8me d\u2019information en temps r\u00e9el. Alors que de plus en plus de personnes vivent et travaillent en toute s\u00e9curit\u00e9 \u00e0 la maison, le suivi des livraisons d\u2019AMJ est un moyen ing\u00e9nieux de le faire<\/p>\n\n                                                                            <br><br>\n                            <a class=\"amj-btn amj-btn--pill\"  href=\"\/fr\/resources\/track-delivery\/\">D\u00e9couvrir les services de livraison <\/a>\r\n  \r\n                                            <\/div>\n                <\/div>\n                <div class=\"text-image__right\">\n                    <div class=\"text-image__image\">\n                                                    <img  data-src=\"https:\/\/amjcampbellusa.com\/wp-content\/uploads\/2020\/09\/AMJ_Resource_Track_Crop.jpg\" data-srcset=\"https:\/\/amjcampbellusa.com\/wp-content\/uploads\/2020\/09\/AMJ_Resource_Track_Crop.jpg 1x\" alt=\"\" class=\"lazy\" loading=\"lazy\">\n                                            <\/div>\n                <\/div>\n            <\/div>\n        <\/div>\n    <\/div>\n<\/section>\n\n\n<section class=\"section footer-cta  footer-cta--box \">\n        <div class=\"row\">\n      <div class=\"column\">\n        <div class=\"footer-cta__box footer-cta__box--two footer-cta__box--or \">\n          <div class=\"footer-cta__cta\">\n                                      <h2 class=\"like-h4\">Parlez-nous de votre d\u00e9m\u00e9nagement.<br \/>\r\n1 888 AMJ MOVE (265-6683)<\/h2>\n                                                                        <\/div>\n                                    <div class=\"footer-cta__or\">\n                <span class=\"like-h5\">or<\/span>\n              <\/div>\n              <div class=\"footer-cta__icon\">\n                <img decoding=\"async\" data-src=\"https:\/\/amjcampbellusa.com\/wp-content\/themes\/amj-2020\/dist\/images\/hand-truck--blue_976be37c.svg\" alt=\"\" src=\"data:image\/gif;base64,R0lGODlhAQABAAAAACH5BAEKAAEALAAAAAABAAEAAAICTAEAOw==\" class=\"lazyload\"><noscript><img decoding=\"async\" src=\"https:\/\/amjcampbellusa.com\/wp-content\/themes\/amj-2020\/dist\/images\/hand-truck--blue_976be37c.svg\" alt=\"\"><\/noscript>\n              <\/div>\n                        <div class=\"footer-cta__cta\">\n                                            <h2 class=\"like-h4\">Surveillez votre budget.<br \/>\r\nVoici une estimation gratuite!<\/h2>\n                                                          <a class=\"amj-btn amj-btn--arrow\"  href=\"\/fr\/get-a-quote\">Obtenir un <span class=\"link-end\">devis <i class=\"fas fa-arrow-right\"><\/i><\/span><\/a>\r\n  \r\n                          <\/div>\n                  <\/div>\n      <\/div>\n    <\/div>\n  <\/section>\n","protected":false},"excerpt":{"rendered":"","protected":false},"author":6,"featured_media":0,"parent":0,"menu_order":0,"comment_status":"closed","ping_status":"closed","template":"","meta":{"_acf_changed":false,"footnotes":""},"class_list":["post-3975","page","type-page","status-publish","hentry"],"acf":[],"yoast_head":"<!-- This site is optimized with the Yoast SEO Premium plugin v22.5 (Yoast SEO v27.3) - https:\/\/yoast.com\/product\/yoast-seo-premium-wordpress\/ -->\n<title>D\u00e9placement des ressources | AMJ Campbell | Le plus grand d\u00e9m\u00e9nageur du Canada<\/title>\n<meta name=\"description\" content=\"AMJ vous aide \u00e0 pr\u00e9parer un d\u00e9m\u00e9nagement simple gr\u00e2ce \u00e0 un plan par \u00e9tapes et des conseils d&#039;experts.\" \/>\n<meta name=\"robots\" content=\"noindex, follow, max-snippet:-1, max-image-preview:large, max-video-preview:-1\" \/>\n<meta property=\"og:locale\" content=\"fr_FR\" \/>\n<meta property=\"og:type\" content=\"article\" \/>\n<meta property=\"og:title\" content=\"Resources\" \/>\n<meta property=\"og:url\" content=\"https:\/\/amjcampbellusa.com\/fr\/resources-fr\/\" \/>\n<meta property=\"og:site_name\" content=\"AMJ US\" \/>\n<meta property=\"article:publisher\" content=\"https:\/\/www.facebook.com\/AMJCampbellMoving\/\" \/>\n<meta property=\"article:modified_time\" content=\"2021-04-28T13:50:45+00:00\" \/>\n<meta name=\"twitter:card\" content=\"summary_large_image\" \/>\n<meta name=\"twitter:site\" content=\"@amjcampbell\" \/>\n<script type=\"application\/ld+json\" class=\"yoast-schema-graph\">{\"@context\":\"https:\\\/\\\/schema.org\",\"@graph\":[{\"@type\":\"WebPage\",\"@id\":\"https:\\\/\\\/amjcampbellusa.com\\\/fr\\\/resources-fr\\\/\",\"url\":\"https:\\\/\\\/amjcampbellusa.com\\\/fr\\\/resources-fr\\\/\",\"name\":\"D\u00e9placement des ressources | AMJ Campbell | Le plus grand d\u00e9m\u00e9nageur du Canada\",\"isPartOf\":{\"@id\":\"https:\\\/\\\/amjcampbellusa.com\\\/fr\\\/#website\"},\"datePublished\":\"2020-09-18T15:47:53+00:00\",\"dateModified\":\"2021-04-28T13:50:45+00:00\",\"description\":\"AMJ vous aide \u00e0 pr\u00e9parer un d\u00e9m\u00e9nagement simple gr\u00e2ce \u00e0 un plan par \u00e9tapes et des conseils d'experts.\",\"breadcrumb\":{\"@id\":\"https:\\\/\\\/amjcampbellusa.com\\\/fr\\\/resources-fr\\\/#breadcrumb\"},\"inLanguage\":\"fr-FR\",\"potentialAction\":[{\"@type\":\"ReadAction\",\"target\":[\"https:\\\/\\\/amjcampbellusa.com\\\/fr\\\/resources-fr\\\/\"]}]},{\"@type\":\"BreadcrumbList\",\"@id\":\"https:\\\/\\\/amjcampbellusa.com\\\/fr\\\/resources-fr\\\/#breadcrumb\",\"itemListElement\":[{\"@type\":\"ListItem\",\"position\":1,\"name\":\"Home\",\"item\":\"https:\\\/\\\/amjcampbellusa.com\\\/fr\\\/\"},{\"@type\":\"ListItem\",\"position\":2,\"name\":\"Resources\"}]},{\"@type\":\"WebSite\",\"@id\":\"https:\\\/\\\/amjcampbellusa.com\\\/fr\\\/#website\",\"url\":\"https:\\\/\\\/amjcampbellusa.com\\\/fr\\\/\",\"name\":\"AMJ CAMPBELL - CANADA'S LARGEST MOVER\",\"description\":\"Make Your Best Move\",\"publisher\":{\"@id\":\"https:\\\/\\\/amjcampbellusa.com\\\/fr\\\/#organization\"},\"potentialAction\":[{\"@type\":\"SearchAction\",\"target\":{\"@type\":\"EntryPoint\",\"urlTemplate\":\"https:\\\/\\\/amjcampbellusa.com\\\/fr\\\/?s={search_term_string}\"},\"query-input\":{\"@type\":\"PropertyValueSpecification\",\"valueRequired\":true,\"valueName\":\"search_term_string\"}}],\"inLanguage\":\"fr-FR\"},{\"@type\":\"Organization\",\"@id\":\"https:\\\/\\\/amjcampbellusa.com\\\/fr\\\/#organization\",\"name\":\"AMJ Campbell\",\"url\":\"https:\\\/\\\/amjcampbellusa.com\\\/fr\\\/\",\"logo\":{\"@type\":\"ImageObject\",\"inLanguage\":\"fr-FR\",\"@id\":\"https:\\\/\\\/amjcampbellusa.com\\\/fr\\\/#\\\/schema\\\/logo\\\/image\\\/\",\"url\":\"https:\\\/\\\/amjcampbellusa.com\\\/wp-content\\\/uploads\\\/2020\\\/09\\\/LOGO_NEW_EN.svg\",\"contentUrl\":\"https:\\\/\\\/amjcampbellusa.com\\\/wp-content\\\/uploads\\\/2020\\\/09\\\/LOGO_NEW_EN.svg\",\"width\":1,\"height\":1,\"caption\":\"AMJ Campbell\"},\"image\":{\"@id\":\"https:\\\/\\\/amjcampbellusa.com\\\/fr\\\/#\\\/schema\\\/logo\\\/image\\\/\"},\"sameAs\":[\"https:\\\/\\\/www.facebook.com\\\/AMJCampbellMoving\\\/\",\"https:\\\/\\\/x.com\\\/amjcampbell\",\"https:\\\/\\\/www.instagram.com\\\/amjcampbell\\\/\",\"https:\\\/\\\/www.linkedin.com\\\/company\\\/amjcampbell\\\/\",\"https:\\\/\\\/www.youtube.com\\\/c\\\/AmjtorontomovingOnt\\\/\"]}]}<\/script>\n<!-- \/ Yoast SEO Premium plugin. -->","yoast_head_json":{"title":"D\u00e9placement des ressources | AMJ Campbell | Le plus grand d\u00e9m\u00e9nageur du Canada","description":"AMJ vous aide \u00e0 pr\u00e9parer un d\u00e9m\u00e9nagement simple gr\u00e2ce \u00e0 un plan par \u00e9tapes et des conseils d'experts.","robots":{"index":"noindex","follow":"follow","max-snippet":"max-snippet:-1","max-image-preview":"max-image-preview:large","max-video-preview":"max-video-preview:-1"},"og_locale":"fr_FR","og_type":"article","og_title":"Resources","og_url":"https:\/\/amjcampbellusa.com\/fr\/resources-fr\/","og_site_name":"AMJ US","article_publisher":"https:\/\/www.facebook.com\/AMJCampbellMoving\/","article_modified_time":"2021-04-28T13:50:45+00:00","twitter_card":"summary_large_image","twitter_site":"@amjcampbell","schema":{"@context":"https:\/\/schema.org","@graph":[{"@type":"WebPage","@id":"https:\/\/amjcampbellusa.com\/fr\/resources-fr\/","url":"https:\/\/amjcampbellusa.com\/fr\/resources-fr\/","name":"D\u00e9placement des ressources | AMJ Campbell | Le plus grand d\u00e9m\u00e9nageur du Canada","isPartOf":{"@id":"https:\/\/amjcampbellusa.com\/fr\/#website"},"datePublished":"2020-09-18T15:47:53+00:00","dateModified":"2021-04-28T13:50:45+00:00","description":"AMJ vous aide \u00e0 pr\u00e9parer un d\u00e9m\u00e9nagement simple gr\u00e2ce \u00e0 un plan par \u00e9tapes et des conseils d'experts.","breadcrumb":{"@id":"https:\/\/amjcampbellusa.com\/fr\/resources-fr\/#breadcrumb"},"inLanguage":"fr-FR","potentialAction":[{"@type":"ReadAction","target":["https:\/\/amjcampbellusa.com\/fr\/resources-fr\/"]}]},{"@type":"BreadcrumbList","@id":"https:\/\/amjcampbellusa.com\/fr\/resources-fr\/#breadcrumb","itemListElement":[{"@type":"ListItem","position":1,"name":"Home","item":"https:\/\/amjcampbellusa.com\/fr\/"},{"@type":"ListItem","position":2,"name":"Resources"}]},{"@type":"WebSite","@id":"https:\/\/amjcampbellusa.com\/fr\/#website","url":"https:\/\/amjcampbellusa.com\/fr\/","name":"AMJ CAMPBELL - CANADA'S LARGEST MOVER","description":"Make Your Best Move","publisher":{"@id":"https:\/\/amjcampbellusa.com\/fr\/#organization"},"potentialAction":[{"@type":"SearchAction","target":{"@type":"EntryPoint","urlTemplate":"https:\/\/amjcampbellusa.com\/fr\/?s={search_term_string}"},"query-input":{"@type":"PropertyValueSpecification","valueRequired":true,"valueName":"search_term_string"}}],"inLanguage":"fr-FR"},{"@type":"Organization","@id":"https:\/\/amjcampbellusa.com\/fr\/#organization","name":"AMJ Campbell","url":"https:\/\/amjcampbellusa.com\/fr\/","logo":{"@type":"ImageObject","inLanguage":"fr-FR","@id":"https:\/\/amjcampbellusa.com\/fr\/#\/schema\/logo\/image\/","url":"https:\/\/amjcampbellusa.com\/wp-content\/uploads\/2020\/09\/LOGO_NEW_EN.svg","contentUrl":"https:\/\/amjcampbellusa.com\/wp-content\/uploads\/2020\/09\/LOGO_NEW_EN.svg","width":1,"height":1,"caption":"AMJ Campbell"},"image":{"@id":"https:\/\/amjcampbellusa.com\/fr\/#\/schema\/logo\/image\/"},"sameAs":["https:\/\/www.facebook.com\/AMJCampbellMoving\/","https:\/\/x.com\/amjcampbell","https:\/\/www.instagram.com\/amjcampbell\/","https:\/\/www.linkedin.com\/company\/amjcampbell\/","https:\/\/www.youtube.com\/c\/AmjtorontomovingOnt\/"]}]}},"_links":{"self":[{"href":"https:\/\/amjcampbellusa.com\/fr\/wp-json\/wp\/v2\/pages\/3975","targetHints":{"allow":["GET"]}}],"collection":[{"href":"https:\/\/amjcampbellusa.com\/fr\/wp-json\/wp\/v2\/pages"}],"about":[{"href":"https:\/\/amjcampbellusa.com\/fr\/wp-json\/wp\/v2\/types\/page"}],"author":[{"embeddable":true,"href":"https:\/\/amjcampbellusa.com\/fr\/wp-json\/wp\/v2\/users\/6"}],"replies":[{"embeddable":true,"href":"https:\/\/amjcampbellusa.com\/fr\/wp-json\/wp\/v2\/comments?post=3975"}],"version-history":[{"count":0,"href":"https:\/\/amjcampbellusa.com\/fr\/wp-json\/wp\/v2\/pages\/3975\/revisions"}],"wp:attachment":[{"href":"https:\/\/amjcampbellusa.com\/fr\/wp-json\/wp\/v2\/media?parent=3975"}],"curies":[{"name":"wp","href":"https:\/\/api.w.org\/{rel}","templated":true}]}}