{"id":3729,"date":"2020-09-16T13:03:17","date_gmt":"2020-09-16T17:03:17","guid":{"rendered":"https:\/\/amjus.wpenginepowered.com\/?page_id=3729"},"modified":"2022-11-08T13:07:46","modified_gmt":"2022-11-08T18:07:46","slug":"partners-sponsorship","status":"publish","type":"page","link":"https:\/\/amjcampbellusa.com\/fr\/about-amj\/partners-sponsorship\/","title":{"rendered":"Partners &#038; Sponsorship FR"},"content":{"rendered":"<section class=\"hide-for-large section long-text-hero long-text-hero--default long-text-hero--num-false\">\n  <div class=\"row\">\n    <div class=\"column\">\n                        <h1>Partenariats et commandites<\/h1>\n                  <\/div>\n  <\/div>\n<\/section>\n<section class=\"section long-text-hero long-text-hero--default long-text-hero--num-false default\">\n  <div class=\"row\">\n    <div class=\"column\">\n      <div class=\"long-text-hero__inner\">\n        <div class=\"long-text-hero__left\">\n                                    <h1 class=\"show-for-large\">Partenariats et commandites<\/h1>\n                                            <div class=\"long-text-hero__left__intro\"><p>Gr\u00e2ce au r\u00e9seau de partenariats et de commandites d\u2019AMJ Campbell, nous pouvons continuer \u00e0 vous offrir des services de d\u00e9m\u00e9nagement et d\u2019entreposage de qualit\u00e9. Ensemble, nous contribuons non seulement \u00e0 l\u2019avancement de l\u2019industrie du d\u00e9m\u00e9nagement, mais nous saisissons aussi toutes les occasions de mieux soutenir les communaut\u00e9s et les familles lorsqu\u2019elles apportent des changements positifs dans leur vie. <\/p>\n<p>En collaborant avec des organisations avant-gardistes, nous pouvons aider les gens \u00e0 am\u00e9liorer leur vie, tant au Canada qu\u2019\u00e0 l\u2019\u00e9tranger.   <\/p>\n<\/div>\n                                <br><br>\n            <a class=\"amj-btn amj-btn--pill\"  href=\"\/fr\/about-amj\/\">Pour en apprendre davantage sur AMJ <\/a>\r\n  \r\n                            <\/div>\n        <div class=\"long-text-hero__right \">\n                      <div class=\"long-text-hero__image shadow\">\n              <img decoding=\"async\" data-src=\"https:\/\/amjcampbellusa.com\/wp-content\/uploads\/2020\/09\/CAF-1.jpg\" alt=\"\" aria-role=\"presentation\" role=\"presentation\" src=\"data:image\/gif;base64,R0lGODlhAQABAAAAACH5BAEKAAEALAAAAAABAAEAAAICTAEAOw==\" class=\"lazyload\" style=\"--smush-placeholder-width: 4032px; --smush-placeholder-aspect-ratio: 4032\/3024;\"><noscript><img decoding=\"async\" src=\"https:\/\/amjcampbellusa.com\/wp-content\/uploads\/2020\/09\/CAF-1.jpg\" alt=\"\" aria-role=\"presentation\" role=\"presentation\"><\/noscript>\n            <\/div>\n                                      <\/div>\n      <\/div>\n    <\/div>\n  <\/div>\n<\/section>\n\n\n\n\n\n\n<section class=\"section post-columns\">\n  <div class=\"row\">\n    <div class=\"column\">\n      <div class=\"post-columns__inner\">\n        <div class=\"post-columns__intro\">\n                      <span class=\"pretitle\">Resources<\/span>\n                                <h2>D\u00e9m\u00e9nager sans soucis<\/h2>\n                                <a class=\"amj-btn amj-btn--pill\"  href=\"\/fr\/resources\/moving-tips\">Voir tous les conseils <\/a>\r\n  \r\n                  <\/div>\n        <div class=\"post-columns__main side-scroll\">\n                                  <a href=\"https:\/\/amjcampbellusa.com\/fr\/5-conseils-pour-simplifier-vos-demenagements\/\" class=\"post-columns__item\">\n                              <img  data-src=\"https:\/\/amjcampbellusa.com\/wp-content\/uploads\/2020\/07\/gettyimages-168580609-1024x683.jpg\" data-srcset=\"https:\/\/amjcampbellusa.com\/wp-content\/uploads\/2020\/07\/gettyimages-168580609-1024x683.jpg 1x\" alt=\"\" class=\"lazy\" loading=\"lazy\">\n                            <span class=\"post-columns__item__post\">\n                                  <h3 class=\"like-h4\">5 conseils pour simplifier vos d\u00e9m\u00e9nagements<\/h3>\n                                                  <span class=\"post-columns__item__text\">\n                    <p>Il peut sembler impossible de vivre un d\u00e9m\u00e9nagement facile, particuli\u00e8rement lorsqu\u2019il reste beaucoup \u00e0 faire et que le grand jour&#8230;<\/p>\n                  <\/span>\n                                                                    <span class=\"amj-btn amj-btn--arrow\">Plus de <span class=\"link-end\">d\u00e9tails <i class=\"fas fa-arrow-right\"><\/i><\/span><\/span>\r\n\r\n                                                <\/a>\n            <\/span>\n                                  <a href=\"https:\/\/amjcampbellusa.com\/fr\/les-conseils-dexpert-damj-demenager-dans-une-autre-province\/\" class=\"post-columns__item\">\n                              <img  data-src=\"https:\/\/amjcampbellusa.com\/wp-content\/uploads\/2020\/07\/amjs-advice-from-the-expert-moving-out-of-province-1024x683.jpg\" data-srcset=\"https:\/\/amjcampbellusa.com\/wp-content\/uploads\/2020\/07\/amjs-advice-from-the-expert-moving-out-of-province-1024x683.jpg 1x\" alt=\"\" class=\"lazy\" loading=\"lazy\">\n                            <span class=\"post-columns__item__post\">\n                                  <h3 class=\"like-h4\">Les conseils d\u2019expert d\u2019AMJ : d\u00e9m\u00e9nager dans une autre province<\/h3>\n                                                  <span class=\"post-columns__item__text\">\n                    <p>Un d\u00e9m\u00e9nagement dans une autre province peut \u00eatre excitant pour votre famille et vous, mais le travail d\u2019organisation peut para\u00eetre&#8230;<\/p>\n                  <\/span>\n                                                                    <span class=\"amj-btn amj-btn--arrow\">Plus de <span class=\"link-end\">d\u00e9tails <i class=\"fas fa-arrow-right\"><\/i><\/span><\/span>\r\n\r\n                                                <\/a>\n            <\/span>\n                                  <a href=\"https:\/\/amjcampbellusa.com\/fr\/comment-emballer-vos-articles-precieux\/\" class=\"post-columns__item\">\n                              <img  data-src=\"https:\/\/amjcampbellusa.com\/wp-content\/uploads\/2020\/07\/how-to-pack-your-most-treasured-items-1024x683.jpg\" data-srcset=\"https:\/\/amjcampbellusa.com\/wp-content\/uploads\/2020\/07\/how-to-pack-your-most-treasured-items-1024x683.jpg 1x\" alt=\"\" class=\"lazy\" loading=\"lazy\">\n                            <span class=\"post-columns__item__post\">\n                                  <h3 class=\"like-h4\">Comment emballer vos articles pr\u00e9cieux<\/h3>\n                                                  <span class=\"post-columns__item__text\">\n                    <p>\u00ab&nbsp;Manipuler avec soin&nbsp;\u00bb, c\u2019est plus vite dit que fait quand on se d\u00e9p\u00eache de tout emballer avant le jour du&#8230;<\/p>\n                  <\/span>\n                                                                    <span class=\"amj-btn amj-btn--arrow\">Plus de <span class=\"link-end\">d\u00e9tails <i class=\"fas fa-arrow-right\"><\/i><\/span><\/span>\r\n\r\n                                                <\/a>\n            <\/span>\n                  <\/div>\n      <\/div>\n    <\/div>\n  <\/div>\n<\/section>\n\n\n<section class=\"section footer-cta  footer-cta--box \">\n        <div class=\"row\">\n      <div class=\"column\">\n        <div class=\"footer-cta__box footer-cta__box--two footer-cta__box--or \">\n          <div class=\"footer-cta__cta\">\n                                      <h2 class=\"like-h4\">Parlez-nous de votre d\u00e9m\u00e9nagement.<br \/>\r\n1 888 AMJ MOVE (265-6683)<\/h2>\n                                                                        <\/div>\n                                    <div class=\"footer-cta__or\">\n                <span class=\"like-h5\">or<\/span>\n              <\/div>\n              <div class=\"footer-cta__icon\">\n                <img decoding=\"async\" data-src=\"https:\/\/amjcampbellusa.com\/wp-content\/themes\/amj-2020\/dist\/images\/hand-truck--blue_976be37c.svg\" alt=\"\" src=\"data:image\/gif;base64,R0lGODlhAQABAAAAACH5BAEKAAEALAAAAAABAAEAAAICTAEAOw==\" class=\"lazyload\"><noscript><img decoding=\"async\" src=\"https:\/\/amjcampbellusa.com\/wp-content\/themes\/amj-2020\/dist\/images\/hand-truck--blue_976be37c.svg\" alt=\"\"><\/noscript>\n              <\/div>\n                        <div class=\"footer-cta__cta\">\n                                            <h2 class=\"like-h4\">Surveillez votre budget.<br \/>\r\nVoici une estimation gratuite!<\/h2>\n                                                          <a class=\"amj-btn amj-btn--arrow\"  href=\"\/fr\/get-a-quote\">Obtenir un <span class=\"link-end\">devis <i class=\"fas fa-arrow-right\"><\/i><\/span><\/a>\r\n  \r\n                          <\/div>\n                  <\/div>\n      <\/div>\n    <\/div>\n  <\/section>\n","protected":false},"excerpt":{"rendered":"","protected":false},"author":6,"featured_media":0,"parent":2935,"menu_order":0,"comment_status":"closed","ping_status":"closed","template":"","meta":{"_acf_changed":false,"footnotes":""},"class_list":["post-3729","page","type-page","status-publish","hentry"],"acf":[],"yoast_head":"<!-- This site is optimized with the Yoast SEO Premium plugin v22.5 (Yoast SEO v27.3) - https:\/\/yoast.com\/product\/yoast-seo-premium-wordpress\/ -->\n<title>Partners &amp; Sponsorship FR - AMJ US<\/title>\n<meta name=\"description\" content=\"Gr\u00e2ce \u00e0 nos partenaires et commanditaires, nous offrons des services de d\u00e9m\u00e9nagement et d\u2019entreposage de qualit\u00e9.\" \/>\n<meta name=\"robots\" content=\"noindex, follow, max-snippet:-1, max-image-preview:large, max-video-preview:-1\" \/>\n<meta property=\"og:locale\" content=\"fr_FR\" \/>\n<meta property=\"og:type\" content=\"article\" \/>\n<meta property=\"og:title\" content=\"Partners &amp; Sponsorship FR\" \/>\n<meta property=\"og:url\" content=\"https:\/\/amjcampbellusa.com\/fr\/about-amj\/partners-sponsorship\/\" \/>\n<meta property=\"og:site_name\" content=\"AMJ US\" \/>\n<meta property=\"article:publisher\" content=\"https:\/\/www.facebook.com\/AMJCampbellMoving\/\" \/>\n<meta property=\"article:modified_time\" content=\"2022-11-08T18:07:46+00:00\" \/>\n<meta name=\"twitter:card\" content=\"summary_large_image\" \/>\n<meta name=\"twitter:site\" content=\"@amjcampbell\" \/>\n<script type=\"application\/ld+json\" class=\"yoast-schema-graph\">{\"@context\":\"https:\\\/\\\/schema.org\",\"@graph\":[{\"@type\":\"WebPage\",\"@id\":\"https:\\\/\\\/amjcampbellusa.com\\\/fr\\\/about-amj\\\/partners-sponsorship\\\/\",\"url\":\"https:\\\/\\\/amjcampbellusa.com\\\/fr\\\/about-amj\\\/partners-sponsorship\\\/\",\"name\":\"Partners & Sponsorship FR - AMJ US\",\"isPartOf\":{\"@id\":\"https:\\\/\\\/amjcampbellusa.com\\\/fr\\\/#website\"},\"datePublished\":\"2020-09-16T17:03:17+00:00\",\"dateModified\":\"2022-11-08T18:07:46+00:00\",\"description\":\"Gr\u00e2ce \u00e0 nos partenaires et commanditaires, nous offrons des services de d\u00e9m\u00e9nagement et d\u2019entreposage de qualit\u00e9.\",\"breadcrumb\":{\"@id\":\"https:\\\/\\\/amjcampbellusa.com\\\/fr\\\/about-amj\\\/partners-sponsorship\\\/#breadcrumb\"},\"inLanguage\":\"fr-FR\",\"potentialAction\":[{\"@type\":\"ReadAction\",\"target\":[\"https:\\\/\\\/amjcampbellusa.com\\\/fr\\\/about-amj\\\/partners-sponsorship\\\/\"]}]},{\"@type\":\"BreadcrumbList\",\"@id\":\"https:\\\/\\\/amjcampbellusa.com\\\/fr\\\/about-amj\\\/partners-sponsorship\\\/#breadcrumb\",\"itemListElement\":[{\"@type\":\"ListItem\",\"position\":1,\"name\":\"Home\",\"item\":\"https:\\\/\\\/amjcampbellusa.com\\\/fr\\\/\"},{\"@type\":\"ListItem\",\"position\":2,\"name\":\"About AMJ\",\"item\":\"https:\\\/\\\/amjcampbellusa.com\\\/fr\\\/about-amj\\\/\"},{\"@type\":\"ListItem\",\"position\":3,\"name\":\"Partners &#038; Sponsorship FR\"}]},{\"@type\":\"WebSite\",\"@id\":\"https:\\\/\\\/amjcampbellusa.com\\\/fr\\\/#website\",\"url\":\"https:\\\/\\\/amjcampbellusa.com\\\/fr\\\/\",\"name\":\"AMJ CAMPBELL - CANADA'S LARGEST MOVER\",\"description\":\"Make Your Best Move\",\"publisher\":{\"@id\":\"https:\\\/\\\/amjcampbellusa.com\\\/fr\\\/#organization\"},\"potentialAction\":[{\"@type\":\"SearchAction\",\"target\":{\"@type\":\"EntryPoint\",\"urlTemplate\":\"https:\\\/\\\/amjcampbellusa.com\\\/fr\\\/?s={search_term_string}\"},\"query-input\":{\"@type\":\"PropertyValueSpecification\",\"valueRequired\":true,\"valueName\":\"search_term_string\"}}],\"inLanguage\":\"fr-FR\"},{\"@type\":\"Organization\",\"@id\":\"https:\\\/\\\/amjcampbellusa.com\\\/fr\\\/#organization\",\"name\":\"AMJ Campbell\",\"url\":\"https:\\\/\\\/amjcampbellusa.com\\\/fr\\\/\",\"logo\":{\"@type\":\"ImageObject\",\"inLanguage\":\"fr-FR\",\"@id\":\"https:\\\/\\\/amjcampbellusa.com\\\/fr\\\/#\\\/schema\\\/logo\\\/image\\\/\",\"url\":\"https:\\\/\\\/amjcampbellusa.com\\\/wp-content\\\/uploads\\\/2020\\\/09\\\/LOGO_NEW_EN.svg\",\"contentUrl\":\"https:\\\/\\\/amjcampbellusa.com\\\/wp-content\\\/uploads\\\/2020\\\/09\\\/LOGO_NEW_EN.svg\",\"width\":1,\"height\":1,\"caption\":\"AMJ Campbell\"},\"image\":{\"@id\":\"https:\\\/\\\/amjcampbellusa.com\\\/fr\\\/#\\\/schema\\\/logo\\\/image\\\/\"},\"sameAs\":[\"https:\\\/\\\/www.facebook.com\\\/AMJCampbellMoving\\\/\",\"https:\\\/\\\/x.com\\\/amjcampbell\",\"https:\\\/\\\/www.instagram.com\\\/amjcampbell\\\/\",\"https:\\\/\\\/www.linkedin.com\\\/company\\\/amjcampbell\\\/\",\"https:\\\/\\\/www.youtube.com\\\/c\\\/AmjtorontomovingOnt\\\/\"]}]}<\/script>\n<!-- \/ Yoast SEO Premium plugin. -->","yoast_head_json":{"title":"Partners & Sponsorship FR - AMJ US","description":"Gr\u00e2ce \u00e0 nos partenaires et commanditaires, nous offrons des services de d\u00e9m\u00e9nagement et d\u2019entreposage de qualit\u00e9.","robots":{"index":"noindex","follow":"follow","max-snippet":"max-snippet:-1","max-image-preview":"max-image-preview:large","max-video-preview":"max-video-preview:-1"},"og_locale":"fr_FR","og_type":"article","og_title":"Partners & Sponsorship FR","og_url":"https:\/\/amjcampbellusa.com\/fr\/about-amj\/partners-sponsorship\/","og_site_name":"AMJ US","article_publisher":"https:\/\/www.facebook.com\/AMJCampbellMoving\/","article_modified_time":"2022-11-08T18:07:46+00:00","twitter_card":"summary_large_image","twitter_site":"@amjcampbell","schema":{"@context":"https:\/\/schema.org","@graph":[{"@type":"WebPage","@id":"https:\/\/amjcampbellusa.com\/fr\/about-amj\/partners-sponsorship\/","url":"https:\/\/amjcampbellusa.com\/fr\/about-amj\/partners-sponsorship\/","name":"Partners & Sponsorship FR - AMJ US","isPartOf":{"@id":"https:\/\/amjcampbellusa.com\/fr\/#website"},"datePublished":"2020-09-16T17:03:17+00:00","dateModified":"2022-11-08T18:07:46+00:00","description":"Gr\u00e2ce \u00e0 nos partenaires et commanditaires, nous offrons des services de d\u00e9m\u00e9nagement et d\u2019entreposage de qualit\u00e9.","breadcrumb":{"@id":"https:\/\/amjcampbellusa.com\/fr\/about-amj\/partners-sponsorship\/#breadcrumb"},"inLanguage":"fr-FR","potentialAction":[{"@type":"ReadAction","target":["https:\/\/amjcampbellusa.com\/fr\/about-amj\/partners-sponsorship\/"]}]},{"@type":"BreadcrumbList","@id":"https:\/\/amjcampbellusa.com\/fr\/about-amj\/partners-sponsorship\/#breadcrumb","itemListElement":[{"@type":"ListItem","position":1,"name":"Home","item":"https:\/\/amjcampbellusa.com\/fr\/"},{"@type":"ListItem","position":2,"name":"About AMJ","item":"https:\/\/amjcampbellusa.com\/fr\/about-amj\/"},{"@type":"ListItem","position":3,"name":"Partners &#038; Sponsorship FR"}]},{"@type":"WebSite","@id":"https:\/\/amjcampbellusa.com\/fr\/#website","url":"https:\/\/amjcampbellusa.com\/fr\/","name":"AMJ CAMPBELL - CANADA'S LARGEST MOVER","description":"Make Your Best Move","publisher":{"@id":"https:\/\/amjcampbellusa.com\/fr\/#organization"},"potentialAction":[{"@type":"SearchAction","target":{"@type":"EntryPoint","urlTemplate":"https:\/\/amjcampbellusa.com\/fr\/?s={search_term_string}"},"query-input":{"@type":"PropertyValueSpecification","valueRequired":true,"valueName":"search_term_string"}}],"inLanguage":"fr-FR"},{"@type":"Organization","@id":"https:\/\/amjcampbellusa.com\/fr\/#organization","name":"AMJ Campbell","url":"https:\/\/amjcampbellusa.com\/fr\/","logo":{"@type":"ImageObject","inLanguage":"fr-FR","@id":"https:\/\/amjcampbellusa.com\/fr\/#\/schema\/logo\/image\/","url":"https:\/\/amjcampbellusa.com\/wp-content\/uploads\/2020\/09\/LOGO_NEW_EN.svg","contentUrl":"https:\/\/amjcampbellusa.com\/wp-content\/uploads\/2020\/09\/LOGO_NEW_EN.svg","width":1,"height":1,"caption":"AMJ Campbell"},"image":{"@id":"https:\/\/amjcampbellusa.com\/fr\/#\/schema\/logo\/image\/"},"sameAs":["https:\/\/www.facebook.com\/AMJCampbellMoving\/","https:\/\/x.com\/amjcampbell","https:\/\/www.instagram.com\/amjcampbell\/","https:\/\/www.linkedin.com\/company\/amjcampbell\/","https:\/\/www.youtube.com\/c\/AmjtorontomovingOnt\/"]}]}},"_links":{"self":[{"href":"https:\/\/amjcampbellusa.com\/fr\/wp-json\/wp\/v2\/pages\/3729","targetHints":{"allow":["GET"]}}],"collection":[{"href":"https:\/\/amjcampbellusa.com\/fr\/wp-json\/wp\/v2\/pages"}],"about":[{"href":"https:\/\/amjcampbellusa.com\/fr\/wp-json\/wp\/v2\/types\/page"}],"author":[{"embeddable":true,"href":"https:\/\/amjcampbellusa.com\/fr\/wp-json\/wp\/v2\/users\/6"}],"replies":[{"embeddable":true,"href":"https:\/\/amjcampbellusa.com\/fr\/wp-json\/wp\/v2\/comments?post=3729"}],"version-history":[{"count":0,"href":"https:\/\/amjcampbellusa.com\/fr\/wp-json\/wp\/v2\/pages\/3729\/revisions"}],"up":[{"embeddable":true,"href":"https:\/\/amjcampbellusa.com\/fr\/wp-json\/wp\/v2\/pages\/2935"}],"wp:attachment":[{"href":"https:\/\/amjcampbellusa.com\/fr\/wp-json\/wp\/v2\/media?parent=3729"}],"curies":[{"name":"wp","href":"https:\/\/api.w.org\/{rel}","templated":true}]}}