{"id":2935,"date":"2020-07-05T16:09:09","date_gmt":"2020-07-05T20:09:09","guid":{"rendered":"https:\/\/amjus.wpenginepowered.com\/about-amj\/"},"modified":"2021-04-11T20:20:15","modified_gmt":"2021-04-12T00:20:15","slug":"about-amj","status":"publish","type":"page","link":"https:\/\/amjcampbellusa.com\/fr\/about-amj\/","title":{"rendered":"About AMJ"},"content":{"rendered":"<section class=\"section splash-hero splash-hero--stats\">\r\n  <div class=\"row\">\r\n    <div class=\"column\">\r\n              <div class=\"splash-hero__content\">\r\n                      <h1>\u00c0 propos d\u2019AMJ<\/h1>\r\n                                          <p>Nous aidons les Canadiens \u00e0 apporter des changements importants dans leur vie et leurs entreprises depuis 1934.<\/p>\r\n                                                    <div class=\"splash-hero__stats\">\r\n                              <span>\r\n                  <h4 class=\"splash-hero__stats-number\">1 MLLION + de<\/h4>\r\n                  <h4 class=\"splash-hero__stats-heading\">d\u00e9m\u00e9nagements<\/h4>\r\n                <\/span>\r\n                              <span>\r\n                  <h4 class=\"splash-hero__stats-number\">Entreprise<\/h4>\r\n                  <h4 class=\"splash-hero__stats-heading\">100 % canadienne<\/h4>\r\n                <\/span>\r\n                              <span>\r\n                  <h4 class=\"splash-hero__stats-number\">N\u2019IMPORTE O\u00d9<\/h4>\r\n                  <h4 class=\"splash-hero__stats-heading\">dans le monde<\/h4>\r\n                <\/span>\r\n                          <\/div>\r\n                            <\/div>\r\n          <\/div>\r\n  <\/div>\r\n      <div class=\"splash-hero__image\">\r\n      <img decoding=\"async\"  src=\"https:\/\/amjcampbellusa.com\/wp-content\/uploads\/2020\/07\/BANNER@2x-scaled.jpg\" srcset=\"https:\/\/amjcampbellusa.com\/wp-content\/uploads\/2020\/07\/BANNER@2x-scaled.jpg 1x\" alt=\"\" class=\"no-lazy\" loading=\"auto\">\n    <\/div>\r\n    <\/section>\r\n\n\n<section  class=\"section\n    text-image text-image--default text-image--num-false\">\n    <div class=\"row\">\n        <div class=\"column\">\n            <div class=\"text-image__inner\">\n                <div class=\"text-image__left\">\n                    <div class=\"text-image__left-container\">\n                                                                            <h2>Pourquoi AMJ?<\/h2>\n                                                                            <p>Pourquoi? Parce que notre entreprise est b\u00e2tie sur la confiance que vous avez plac\u00e9e en nous. Nous avons mis cette confiance au centre de toutes nos relations \u2014 avec chaque client, partenaire, communaut\u00e9 et membre du personnel. C\u2019est pourquoi AMJ est devenu la plus importante entreprise de d\u00e9m\u00e9nagement, d\u2019un oc\u00e9an \u00e0 l\u2019autre, au Canada; cela fait plus de 90 ans que nous gagnons votre confiance. <\/p>\n\n                                                                            <br><br>\n                            <a class=\"amj-btn amj-btn--pill\"  href=\"\/fr\/services\">D\u00e9couvrir les services d\u2019AMJ <\/a>\r\n  \r\n                                            <\/div>\n                <\/div>\n                <div class=\"text-image__right\">\n                    <div class=\"text-image__image\">\n                                                    <img  data-src=\"https:\/\/amjcampbellusa.com\/wp-content\/uploads\/2020\/09\/AMJ_About_Why_Crop_DSC03278.jpg\" data-srcset=\"https:\/\/amjcampbellusa.com\/wp-content\/uploads\/2020\/09\/AMJ_About_Why_Crop_DSC03278.jpg 1x\" alt=\"\" class=\"lazy\" loading=\"lazy\">\n                                            <\/div>\n                <\/div>\n            <\/div>\n        <\/div>\n    <\/div>\n<\/section>\n\n\n<section  class=\"section\n    text-image text-image--left text-image--num-false\">\n    <div class=\"row\">\n        <div class=\"column\">\n            <div class=\"text-image__inner\">\n                <div class=\"text-image__left\">\n                    <div class=\"text-image__left-container\">\n                                                                            <h2>Nos partenaires sont pour nous une source de fiert\u00e9<\/h2>\n                                                                            <p>Les communaut\u00e9s, les entreprises, les organisations et quartiers sains existent gr\u00e2ce aux personnes qui y vivent et y travaillent. AMJ est reconnaissant de pouvoir collaborer avec ces personnes et les soutenir, alors que nous travaillons ensemble pour susciter un changement positif au Canada et \u00e0 l\u2019\u00e9tranger.<\/p>\n\n                                                                            <br><br>\n                            <a class=\"amj-btn amj-btn--pill\"  href=\"\/fr\/about-amj\/partners-sponsorship\/\">Voir les partenariats et commandites d\u2019AMJ  <\/a>\r\n  \r\n                                            <\/div>\n                <\/div>\n                <div class=\"text-image__right\">\n                    <div class=\"text-image__image\">\n                                                    <img  data-src=\"https:\/\/amjcampbellusa.com\/wp-content\/uploads\/2020\/08\/DSC03369-1@2x.jpg\" data-srcset=\"https:\/\/amjcampbellusa.com\/wp-content\/uploads\/2020\/08\/DSC03369-1@2x.jpg 1x\" alt=\"\" class=\"lazy\" loading=\"lazy\">\n                                            <\/div>\n                <\/div>\n            <\/div>\n        <\/div>\n    <\/div>\n<\/section>\n\n\n<section  class=\"section\n    text-image text-image--default text-image--num-false\">\n    <div class=\"row\">\n        <div class=\"column\">\n            <div class=\"text-image__inner\">\n                <div class=\"text-image__left\">\n                    <div class=\"text-image__left-container\">\n                                                                            <h2>D\u00e9m\u00e9nagement \u00e9cologique<\/h2>\n                                                                            <p>Depuis les d\u00e9buts de l\u2019entreprise AMJ dans seulement deux villes, nos racines communautaires ont cru jusqu\u2019\u00e0 atteindre les 10 provinces du Canada. Et plus nous nous \u00e9tendons, plus nous nous attelons \u00e0 aider les familles et les organisations \u00e0 d\u00e9m\u00e9nager d\u2019une mani\u00e8re respectueuse de l\u2019environnement. <\/p>\n\n                                                                            <br><br>\n                            <a class=\"amj-btn amj-btn--pill\"  href=\"\/fr\/about-amj\/community-services\">Plus d\u2019information <\/a>\r\n  \r\n                                            <\/div>\n                <\/div>\n                <div class=\"text-image__right\">\n                    <div class=\"text-image__image\">\n                                                    <img  data-src=\"https:\/\/amjcampbellusa.com\/wp-content\/uploads\/2020\/08\/DSC04541-1@2x.jpg\" data-srcset=\"https:\/\/amjcampbellusa.com\/wp-content\/uploads\/2020\/08\/DSC04541-1@2x.jpg 1x\" alt=\"\" class=\"lazy\" loading=\"lazy\">\n                                            <\/div>\n                <\/div>\n            <\/div>\n        <\/div>\n    <\/div>\n<\/section>\n\n\n<section  class=\"section\n    text-image text-image--left text-image--num-false\">\n    <div class=\"row\">\n        <div class=\"column\">\n            <div class=\"text-image__inner\">\n                <div class=\"text-image__left\">\n                    <div class=\"text-image__left-container\">\n                                                                            <h2>La famille AMJ<\/h2>\n                                                                            <p>Chez AMJ, nous croyons les uns aux autres. M\u00eame si notre famille est grande (et qu\u2019elle continue de s\u2019agrandir), nous partageons les m\u00eames valeurs ax\u00e9es sur les gens. Oui, nous sommes l\u00e0 les uns pour les autres, et chaque franchise AMJ est l\u00e0 pour vous et pour votre communaut\u00e9, et ce, peu importe o\u00f9 vous vous trouvez.<\/p>\n\n                                                                            <br><br>\n                            <a class=\"amj-btn amj-btn--pill\"  href=\"\/fr\/about-amj\/franchise\/\">D\u00e9couvrez les franchises AMJ  <\/a>\r\n  \r\n                                            <\/div>\n                <\/div>\n                <div class=\"text-image__right\">\n                    <div class=\"text-image__image\">\n                                                    <img  data-src=\"https:\/\/amjcampbellusa.com\/wp-content\/uploads\/2020\/08\/DSC03725-1@2x.jpg\" data-srcset=\"https:\/\/amjcampbellusa.com\/wp-content\/uploads\/2020\/08\/DSC03725-1@2x.jpg 1x\" alt=\"\" class=\"lazy\" loading=\"lazy\">\n                                            <\/div>\n                <\/div>\n            <\/div>\n        <\/div>\n    <\/div>\n<\/section>\n\n\n<section class=\"section post-columns\">\n  <div class=\"row\">\n    <div class=\"column\">\n      <div class=\"post-columns__inner\">\n        <div class=\"post-columns__intro\">\n                                <h2>D\u00e9m\u00e9nager sans soucis<\/h2>\n                                <a class=\"amj-btn amj-btn--pill\"  href=\"\/fr\/resources\/moving-tips\">Voir tous les conseils   <\/a>\r\n  \r\n                  <\/div>\n        <div class=\"post-columns__main side-scroll\">\n                                  <a href=\"https:\/\/amjcampbellusa.com\/fr\/5-conseils-pour-simplifier-vos-demenagements\/\" class=\"post-columns__item\">\n                              <img  data-src=\"https:\/\/amjcampbellusa.com\/wp-content\/uploads\/2020\/07\/gettyimages-168580609-1024x683.jpg\" data-srcset=\"https:\/\/amjcampbellusa.com\/wp-content\/uploads\/2020\/07\/gettyimages-168580609-1024x683.jpg 1x\" alt=\"\" class=\"lazy\" loading=\"lazy\">\n                            <span class=\"post-columns__item__post\">\n                                  <h3 class=\"like-h4\">5 conseils pour simplifier vos d\u00e9m\u00e9nagements<\/h3>\n                                                  <span class=\"post-columns__item__text\">\n                    <p>Il peut sembler impossible de vivre un d\u00e9m\u00e9nagement facile, particuli\u00e8rement lorsqu\u2019il reste beaucoup \u00e0 faire et que le grand jour&#8230;<\/p>\n                  <\/span>\n                                                                    <span class=\"amj-btn amj-btn--arrow\">Plus de <span class=\"link-end\">d\u00e9tails <i class=\"fas fa-arrow-right\"><\/i><\/span><\/span>\r\n\r\n                                                <\/a>\n            <\/span>\n                                  <a href=\"https:\/\/amjcampbellusa.com\/fr\/conseil-dexpert-amj-demenager-en-toute-securite\/\" class=\"post-columns__item\">\n                              <img  data-src=\"https:\/\/amjcampbellusa.com\/wp-content\/uploads\/2020\/07\/amjs-advice-from-the-expert-safe-practices-for-moving-day-1024x683.jpg\" data-srcset=\"https:\/\/amjcampbellusa.com\/wp-content\/uploads\/2020\/07\/amjs-advice-from-the-expert-safe-practices-for-moving-day-1024x683.jpg 1x\" alt=\"\" class=\"lazy\" loading=\"lazy\">\n                            <span class=\"post-columns__item__post\">\n                                  <h3 class=\"like-h4\">Conseil d\u2019expert AMJ: D\u00e9m\u00e9nager en toute s\u00e9curit\u00e9<\/h3>\n                                                  <span class=\"post-columns__item__text\">\n                    <p>La pr\u00e9paration d\u2019un d\u00e9m\u00e9nagement demande beaucoup de planification et d\u2019organisation, y compris en ce qui concerne les risques potentiels que&#8230;<\/p>\n                  <\/span>\n                                                                    <span class=\"amj-btn amj-btn--arrow\">Plus de <span class=\"link-end\">d\u00e9tails <i class=\"fas fa-arrow-right\"><\/i><\/span><\/span>\r\n\r\n                                                <\/a>\n            <\/span>\n                                  <a href=\"https:\/\/amjcampbellusa.com\/fr\/conseils-de-lexpert-damj-comment-gerer-les-demenagements-de-derniere-minute\/\" class=\"post-columns__item\">\n                              <img  data-src=\"https:\/\/amjcampbellusa.com\/wp-content\/uploads\/2020\/07\/amjs-advice-from-the-expert-how-to-handle-last-minute-moves.jpg\" data-srcset=\"https:\/\/amjcampbellusa.com\/wp-content\/uploads\/2020\/07\/amjs-advice-from-the-expert-how-to-handle-last-minute-moves.jpg 1x\" alt=\"\" class=\"lazy\" loading=\"lazy\">\n                            <span class=\"post-columns__item__post\">\n                                  <h3 class=\"like-h4\">Conseils de l\u2019expert d\u2019AMJ : Comment g\u00e9rer les d\u00e9m\u00e9nagements de derni\u00e8re minute<\/h3>\n                                                  <span class=\"post-columns__item__text\">\n                    <p>La vie nous r\u00e9serve parfois des surprises. Peut-\u00eatre que vous venez d\u2019obtenir un emploi dans une autre ville, ou que&#8230;<\/p>\n                  <\/span>\n                                                                    <span class=\"amj-btn amj-btn--arrow\">Plus de <span class=\"link-end\">d\u00e9tails <i class=\"fas fa-arrow-right\"><\/i><\/span><\/span>\r\n\r\n                                                <\/a>\n            <\/span>\n                  <\/div>\n      <\/div>\n    <\/div>\n  <\/div>\n<\/section>\n\n\n<section class=\"section footer-cta  footer-cta--box \">\n        <div class=\"row\">\n      <div class=\"column\">\n        <div class=\"footer-cta__box footer-cta__box--two footer-cta__box--or \">\n          <div class=\"footer-cta__cta\">\n                                      <h2 class=\"like-h4\">Parlez-nous de votre d\u00e9m\u00e9nagement.<br \/>\r\n1 888 AMJ MOVE (265-6683)<\/h2>\n                                                                        <\/div>\n                                    <div class=\"footer-cta__or\">\n                <span class=\"like-h5\">or<\/span>\n              <\/div>\n              <div class=\"footer-cta__icon\">\n                <img decoding=\"async\" data-src=\"https:\/\/amjcampbellusa.com\/wp-content\/themes\/amj-2020\/dist\/images\/hand-truck--blue_976be37c.svg\" alt=\"\" src=\"data:image\/gif;base64,R0lGODlhAQABAAAAACH5BAEKAAEALAAAAAABAAEAAAICTAEAOw==\" class=\"lazyload\"><noscript><img decoding=\"async\" src=\"https:\/\/amjcampbellusa.com\/wp-content\/themes\/amj-2020\/dist\/images\/hand-truck--blue_976be37c.svg\" alt=\"\"><\/noscript>\n              <\/div>\n                        <div class=\"footer-cta__cta\">\n                                            <h2 class=\"like-h4\">Surveillez votre budget.<br \/>\r\nVoici une estimation gratuite!<\/h2>\n                                                          <a class=\"amj-btn amj-btn--arrow\"  href=\"\/fr\/get-a-quote\">Obtenir un <span class=\"link-end\">devis <i class=\"fas fa-arrow-right\"><\/i><\/span><\/a>\r\n  \r\n                          <\/div>\n                  <\/div>\n      <\/div>\n    <\/div>\n  <\/section>\n","protected":false},"excerpt":{"rendered":"","protected":false},"author":1,"featured_media":0,"parent":0,"menu_order":0,"comment_status":"closed","ping_status":"closed","template":"","meta":{"_acf_changed":false,"footnotes":""},"class_list":["post-2935","page","type-page","status-publish","hentry"],"acf":[],"yoast_head":"<!-- This site is optimized with the Yoast SEO Premium plugin v22.5 (Yoast SEO v27.3) - https:\/\/yoast.com\/product\/yoast-seo-premium-wordpress\/ -->\n<title>About AMJ - AMJ US<\/title>\n<meta name=\"description\" content=\"AMJ est la plus importante entreprise de d\u00e9m\u00e9nagement au Canada. Nous offrons des services personnalis\u00e9s et \u00e9cologiques.\" \/>\n<meta name=\"robots\" content=\"noindex, follow, max-snippet:-1, max-image-preview:large, max-video-preview:-1\" \/>\n<meta property=\"og:locale\" content=\"fr_FR\" \/>\n<meta property=\"og:type\" content=\"article\" \/>\n<meta property=\"og:title\" content=\"About AMJ\" \/>\n<meta property=\"og:url\" content=\"https:\/\/amjcampbellusa.com\/fr\/about-amj\/\" \/>\n<meta property=\"og:site_name\" content=\"AMJ US\" \/>\n<meta property=\"article:publisher\" content=\"https:\/\/www.facebook.com\/AMJCampbellMoving\/\" \/>\n<meta property=\"article:modified_time\" content=\"2021-04-12T00:20:15+00:00\" \/>\n<meta name=\"twitter:card\" content=\"summary_large_image\" \/>\n<meta name=\"twitter:site\" content=\"@amjcampbell\" \/>\n<script type=\"application\/ld+json\" class=\"yoast-schema-graph\">{\"@context\":\"https:\\\/\\\/schema.org\",\"@graph\":[{\"@type\":\"WebPage\",\"@id\":\"https:\\\/\\\/amjcampbellusa.com\\\/fr\\\/about-amj\\\/\",\"url\":\"https:\\\/\\\/amjcampbellusa.com\\\/fr\\\/about-amj\\\/\",\"name\":\"About AMJ - AMJ US\",\"isPartOf\":{\"@id\":\"https:\\\/\\\/amjcampbellusa.com\\\/fr\\\/#website\"},\"datePublished\":\"2020-07-05T20:09:09+00:00\",\"dateModified\":\"2021-04-12T00:20:15+00:00\",\"description\":\"AMJ est la plus importante entreprise de d\u00e9m\u00e9nagement au Canada. Nous offrons des services personnalis\u00e9s et \u00e9cologiques.\",\"breadcrumb\":{\"@id\":\"https:\\\/\\\/amjcampbellusa.com\\\/fr\\\/about-amj\\\/#breadcrumb\"},\"inLanguage\":\"fr-FR\",\"potentialAction\":[{\"@type\":\"ReadAction\",\"target\":[\"https:\\\/\\\/amjcampbellusa.com\\\/fr\\\/about-amj\\\/\"]}]},{\"@type\":\"BreadcrumbList\",\"@id\":\"https:\\\/\\\/amjcampbellusa.com\\\/fr\\\/about-amj\\\/#breadcrumb\",\"itemListElement\":[{\"@type\":\"ListItem\",\"position\":1,\"name\":\"Home\",\"item\":\"https:\\\/\\\/amjcampbellusa.com\\\/fr\\\/\"},{\"@type\":\"ListItem\",\"position\":2,\"name\":\"About AMJ\"}]},{\"@type\":\"WebSite\",\"@id\":\"https:\\\/\\\/amjcampbellusa.com\\\/fr\\\/#website\",\"url\":\"https:\\\/\\\/amjcampbellusa.com\\\/fr\\\/\",\"name\":\"AMJ CAMPBELL - CANADA'S LARGEST MOVER\",\"description\":\"Make Your Best Move\",\"publisher\":{\"@id\":\"https:\\\/\\\/amjcampbellusa.com\\\/fr\\\/#organization\"},\"potentialAction\":[{\"@type\":\"SearchAction\",\"target\":{\"@type\":\"EntryPoint\",\"urlTemplate\":\"https:\\\/\\\/amjcampbellusa.com\\\/fr\\\/?s={search_term_string}\"},\"query-input\":{\"@type\":\"PropertyValueSpecification\",\"valueRequired\":true,\"valueName\":\"search_term_string\"}}],\"inLanguage\":\"fr-FR\"},{\"@type\":\"Organization\",\"@id\":\"https:\\\/\\\/amjcampbellusa.com\\\/fr\\\/#organization\",\"name\":\"AMJ Campbell\",\"url\":\"https:\\\/\\\/amjcampbellusa.com\\\/fr\\\/\",\"logo\":{\"@type\":\"ImageObject\",\"inLanguage\":\"fr-FR\",\"@id\":\"https:\\\/\\\/amjcampbellusa.com\\\/fr\\\/#\\\/schema\\\/logo\\\/image\\\/\",\"url\":\"https:\\\/\\\/amjcampbellusa.com\\\/wp-content\\\/uploads\\\/2020\\\/09\\\/LOGO_NEW_EN.svg\",\"contentUrl\":\"https:\\\/\\\/amjcampbellusa.com\\\/wp-content\\\/uploads\\\/2020\\\/09\\\/LOGO_NEW_EN.svg\",\"width\":1,\"height\":1,\"caption\":\"AMJ Campbell\"},\"image\":{\"@id\":\"https:\\\/\\\/amjcampbellusa.com\\\/fr\\\/#\\\/schema\\\/logo\\\/image\\\/\"},\"sameAs\":[\"https:\\\/\\\/www.facebook.com\\\/AMJCampbellMoving\\\/\",\"https:\\\/\\\/x.com\\\/amjcampbell\",\"https:\\\/\\\/www.instagram.com\\\/amjcampbell\\\/\",\"https:\\\/\\\/www.linkedin.com\\\/company\\\/amjcampbell\\\/\",\"https:\\\/\\\/www.youtube.com\\\/c\\\/AmjtorontomovingOnt\\\/\"]}]}<\/script>\n<!-- \/ Yoast SEO Premium plugin. -->","yoast_head_json":{"title":"About AMJ - AMJ US","description":"AMJ est la plus importante entreprise de d\u00e9m\u00e9nagement au Canada. Nous offrons des services personnalis\u00e9s et \u00e9cologiques.","robots":{"index":"noindex","follow":"follow","max-snippet":"max-snippet:-1","max-image-preview":"max-image-preview:large","max-video-preview":"max-video-preview:-1"},"og_locale":"fr_FR","og_type":"article","og_title":"About AMJ","og_url":"https:\/\/amjcampbellusa.com\/fr\/about-amj\/","og_site_name":"AMJ US","article_publisher":"https:\/\/www.facebook.com\/AMJCampbellMoving\/","article_modified_time":"2021-04-12T00:20:15+00:00","twitter_card":"summary_large_image","twitter_site":"@amjcampbell","schema":{"@context":"https:\/\/schema.org","@graph":[{"@type":"WebPage","@id":"https:\/\/amjcampbellusa.com\/fr\/about-amj\/","url":"https:\/\/amjcampbellusa.com\/fr\/about-amj\/","name":"About AMJ - AMJ US","isPartOf":{"@id":"https:\/\/amjcampbellusa.com\/fr\/#website"},"datePublished":"2020-07-05T20:09:09+00:00","dateModified":"2021-04-12T00:20:15+00:00","description":"AMJ est la plus importante entreprise de d\u00e9m\u00e9nagement au Canada. Nous offrons des services personnalis\u00e9s et \u00e9cologiques.","breadcrumb":{"@id":"https:\/\/amjcampbellusa.com\/fr\/about-amj\/#breadcrumb"},"inLanguage":"fr-FR","potentialAction":[{"@type":"ReadAction","target":["https:\/\/amjcampbellusa.com\/fr\/about-amj\/"]}]},{"@type":"BreadcrumbList","@id":"https:\/\/amjcampbellusa.com\/fr\/about-amj\/#breadcrumb","itemListElement":[{"@type":"ListItem","position":1,"name":"Home","item":"https:\/\/amjcampbellusa.com\/fr\/"},{"@type":"ListItem","position":2,"name":"About AMJ"}]},{"@type":"WebSite","@id":"https:\/\/amjcampbellusa.com\/fr\/#website","url":"https:\/\/amjcampbellusa.com\/fr\/","name":"AMJ CAMPBELL - CANADA'S LARGEST MOVER","description":"Make Your Best Move","publisher":{"@id":"https:\/\/amjcampbellusa.com\/fr\/#organization"},"potentialAction":[{"@type":"SearchAction","target":{"@type":"EntryPoint","urlTemplate":"https:\/\/amjcampbellusa.com\/fr\/?s={search_term_string}"},"query-input":{"@type":"PropertyValueSpecification","valueRequired":true,"valueName":"search_term_string"}}],"inLanguage":"fr-FR"},{"@type":"Organization","@id":"https:\/\/amjcampbellusa.com\/fr\/#organization","name":"AMJ Campbell","url":"https:\/\/amjcampbellusa.com\/fr\/","logo":{"@type":"ImageObject","inLanguage":"fr-FR","@id":"https:\/\/amjcampbellusa.com\/fr\/#\/schema\/logo\/image\/","url":"https:\/\/amjcampbellusa.com\/wp-content\/uploads\/2020\/09\/LOGO_NEW_EN.svg","contentUrl":"https:\/\/amjcampbellusa.com\/wp-content\/uploads\/2020\/09\/LOGO_NEW_EN.svg","width":1,"height":1,"caption":"AMJ Campbell"},"image":{"@id":"https:\/\/amjcampbellusa.com\/fr\/#\/schema\/logo\/image\/"},"sameAs":["https:\/\/www.facebook.com\/AMJCampbellMoving\/","https:\/\/x.com\/amjcampbell","https:\/\/www.instagram.com\/amjcampbell\/","https:\/\/www.linkedin.com\/company\/amjcampbell\/","https:\/\/www.youtube.com\/c\/AmjtorontomovingOnt\/"]}]}},"_links":{"self":[{"href":"https:\/\/amjcampbellusa.com\/fr\/wp-json\/wp\/v2\/pages\/2935","targetHints":{"allow":["GET"]}}],"collection":[{"href":"https:\/\/amjcampbellusa.com\/fr\/wp-json\/wp\/v2\/pages"}],"about":[{"href":"https:\/\/amjcampbellusa.com\/fr\/wp-json\/wp\/v2\/types\/page"}],"author":[{"embeddable":true,"href":"https:\/\/amjcampbellusa.com\/fr\/wp-json\/wp\/v2\/users\/1"}],"replies":[{"embeddable":true,"href":"https:\/\/amjcampbellusa.com\/fr\/wp-json\/wp\/v2\/comments?post=2935"}],"version-history":[{"count":0,"href":"https:\/\/amjcampbellusa.com\/fr\/wp-json\/wp\/v2\/pages\/2935\/revisions"}],"wp:attachment":[{"href":"https:\/\/amjcampbellusa.com\/fr\/wp-json\/wp\/v2\/media?parent=2935"}],"curies":[{"name":"wp","href":"https:\/\/api.w.org\/{rel}","templated":true}]}}